{"id":1200,"date":"2024-09-19T08:09:50","date_gmt":"2024-09-19T08:09:50","guid":{"rendered":"https:\/\/florafinearts.com\/?post_type=product&#038;p=1200"},"modified":"2025-04-17T06:22:21","modified_gmt":"2025-04-17T06:22:21","slug":"blue-serenity","status":"publish","type":"product","link":"https:\/\/florafinearts.com\/vi\/san-pham\/blue-serenity\/","title":{"rendered":"B\u00ecnh y\u00ean xanh"},"content":{"rendered":"","protected":false},"excerpt":{"rendered":"<p><em>B\u00ecnh y\u00ean xanh<\/em> t\u00e1i hi\u1ec7n v\u1ebb thanh nh\u00e3 c\u1ee7a nh\u1eefng b\u00f4ng c\u1ea9m t\u00fa c\u1ea7u tr\u00ean toan 50 x 70 cm, \u0111\u01b0\u1ee3c v\u1ebd b\u1eb1ng ch\u1ea5t li\u1ec7u acrylic. Th\u00f4ng qua t\u1eebng n\u00e9t c\u1ecd, t\u00f4i mu\u1ed1n n\u1eafm b\u1eaft v\u1ebb m\u1ec1m m\u1ea1i c\u1ee7a nh\u1eefng c\u00e1nh hoa v\u1edbi c\u00e1c t\u00f4ng m\u00e0u xanh d\u01b0\u01a1ng, t\u00edm lavender, v\u00e0 t\u00edm nh\u1ea1t, n\u1ed5i b\u1eadt tr\u00ean n\u1ec1n l\u00e1 xanh t\u01b0\u01a1i. Chi\u1ebfc b\u00ecnh thu\u1ef7 tinh trong su\u1ed1t gi\u00fap nh\u1eefng b\u00f4ng hoa tr\u1edf th\u00e0nh t\u00e2m \u0111i\u1ec3m, lan t\u1ecfa kh\u00f4ng kh\u00ed t\u0129nh l\u1eb7ng v\u00e0 b\u00ecnh y\u00ean.<\/p>\n<p>T\u00e1c ph\u1ea9m n\u00e0y l\u00e0 t\u00ecnh y\u00eau c\u1ee7a t\u00f4i d\u00e0nh cho v\u1ebb \u0111\u1eb9p b\u00ecnh y\u00ean c\u1ee7a thi\u00ean nhi\u00ean, n\u01a1i s\u1ef1 \u0111\u01a1n gi\u1ea3n trong b\u1ed1 c\u1ee5c l\u00e0m n\u1ed5i b\u1eadt nh\u1eefng chi ti\u1ebft tinh t\u1ebf c\u1ee7a t\u1eebng b\u00f4ng hoa. <em>B\u00ecnh y\u00ean xanh<\/em> m\u1eddi b\u1ea1n d\u1eebng l\u1ea1i, c\u1ea3m nh\u1eadn s\u1ef1 duy\u00ean d\u00e1ng nh\u1eb9 nh\u00e0ng c\u1ee7a nh\u1eefng b\u00f4ng hoa kh\u00f4ng tu\u1ed5i n\u00e0y, tr\u1edf th\u00e0nh \u0111i\u1ec3m nh\u1ea5n ho\u00e0n h\u1ea3o \u0111\u1ec3 mang \u0111\u1ebfn c\u1ea3m gi\u00e1c th\u01b0 th\u00e1i cho b\u1ea5t k\u1ef3 kh\u00f4ng gian n\u00e0o.<\/p>","protected":false},"featured_media":1202,"comment_status":"open","ping_status":"closed","template":"","meta":{"jetpack_post_was_ever_published":false},"product_brand":[],"product_cat":[33,86],"product_tag":[47,48],"class_list":{"0":"post-1200","1":"product","2":"type-product","3":"status-publish","4":"has-post-thumbnail","6":"product_cat-floral-paintings","7":"product_cat-still-life","8":"product_tag-acrylic-on-canvas","9":"product_tag-floral","11":"first","12":"instock","13":"shipping-taxable","14":"purchasable","15":"product-type-simple"},"jetpack_sharing_enabled":true,"_links":{"self":[{"href":"https:\/\/florafinearts.com\/vi\/wp-json\/wp\/v2\/product\/1200","targetHints":{"allow":["GET"]}}],"collection":[{"href":"https:\/\/florafinearts.com\/vi\/wp-json\/wp\/v2\/product"}],"about":[{"href":"https:\/\/florafinearts.com\/vi\/wp-json\/wp\/v2\/types\/product"}],"replies":[{"embeddable":true,"href":"https:\/\/florafinearts.com\/vi\/wp-json\/wp\/v2\/comments?post=1200"}],"wp:featuredmedia":[{"embeddable":true,"href":"https:\/\/florafinearts.com\/vi\/wp-json\/wp\/v2\/media\/1202"}],"wp:attachment":[{"href":"https:\/\/florafinearts.com\/vi\/wp-json\/wp\/v2\/media?parent=1200"}],"wp:term":[{"taxonomy":"product_brand","embeddable":true,"href":"https:\/\/florafinearts.com\/vi\/wp-json\/wp\/v2\/product_brand?post=1200"},{"taxonomy":"product_cat","embeddable":true,"href":"https:\/\/florafinearts.com\/vi\/wp-json\/wp\/v2\/product_cat?post=1200"},{"taxonomy":"product_tag","embeddable":true,"href":"https:\/\/florafinearts.com\/vi\/wp-json\/wp\/v2\/product_tag?post=1200"}],"curies":[{"name":"wp","href":"https:\/\/api.w.org\/{rel}","templated":true}]}}