{"id":247,"date":"2024-08-25T10:04:55","date_gmt":"2024-08-25T10:04:55","guid":{"rendered":"https:\/\/florafinearts.com\/cart\/"},"modified":"2025-05-27T20:53:37","modified_gmt":"2025-05-27T20:53:37","slug":"cart","status":"publish","type":"page","link":"https:\/\/florafinearts.com\/vi\/cart\/","title":{"rendered":"Gi\u1ecf h\u00e0ng"},"content":{"rendered":"<div data-block-name=\"woocommerce\/cart\" class=\"wp-block-woocommerce-cart alignwide is-loading\">\n<div data-block-name=\"woocommerce\/filled-cart-block\" class=\"wp-block-woocommerce-filled-cart-block\">\n<div data-block-name=\"woocommerce\/cart-items-block\" class=\"wp-block-woocommerce-cart-items-block\">\n<div data-block-name=\"woocommerce\/cart-line-items-block\" class=\"wp-block-woocommerce-cart-line-items-block\"><\/div>\n\n\n\n<p><strong>\ud83c\udf3f&nbsp;<strong>H\u01af\u1edaNG D\u1eaaN \u0110\u1eb6T H\u00c0NG<\/strong><\/strong><br>C\u1ea3m \u01a1n b\u1ea1n \u0111\u00e3 y\u00eau m\u1ebfn c\u00e1c t\u00e1c ph\u1ea9m v\u00e0 s\u1ea3n ph\u1ea9m ngh\u1ec7 thu\u1eadt t\u1eeb&nbsp;<strong>Ngh\u1ec7 thu\u1eadt c\u1ee7a hoa<\/strong>.  D\u00f9 b\u1ea1n ch\u1ecdn m\u1ed9t b\u1ee9c tranh nguy\u00ean b\u1ea3n, m\u1ed9t c\u1ed1c s\u1ee9 ngh\u1ec7 thu\u1eadt, hay m\u1ed9t b\u1ed9 qu\u00e0 t\u1eb7ng tinh t\u1ebf, ch\u00fang t\u00f4i tr\u00e2n tr\u1ecdng s\u1ef1 \u0111\u1ed3ng h\u00e0nh c\u1ee7a b\u1ea1n tr\u00ean h\u00e0nh tr\u00ecnh lan to\u1ea3 v\u1ebb \u0111\u1eb9p v\u00e0 c\u1ea3m h\u1ee9ng s\u1ed1ng ch\u1eadm.<\/p>\n\n\n\n<p><strong>1. L\u1ef0A CH\u1eccN V\u00c0 \u0110\u1eb6T H\u00c0NG<\/strong><br>B\u1ea1n c\u00f3 th\u1ec3 xem c\u00e1c&nbsp;<strong>tranh \u0111ang m\u1edf b\u00e1n<\/strong>&nbsp;v\u00e0&nbsp;<strong>c\u00e1c s\u1ea3n ph\u1ea9m hi\u1ec7n c\u00f3<\/strong>&nbsp;(Art gift set, c\u1ed1c s\u1ee9, s\u1ed5 tay, thi\u1ec7p, v.v.) tr\u00ean website c\u1ee7a Flora Do Arts.<br>Khi \u0111\u00e3 ch\u1ecdn \u0111\u01b0\u1ee3c m\u00f3n b\u1ea1n y\u00eau th\u00edch, vui l\u00f2ng:<br><strong>\u0110\u1eb7t h\u00e0ng tr\u1ef1c ti\u1ebfp<\/strong>&nbsp;qua gi\u1ecf h\u00e0ng tr\u00ean website, ho\u1eb7c<br><strong>email<\/strong>&nbsp;t\u1edbi&nbsp;<a>flora.do.arts@gmail.com<\/a>&nbsp;\u0111\u1ec3 x\u00e1c nh\u1eadn t\u00ecnh tr\u1ea1ng c\u00f2n h\u00e0ng v\u00e0 nh\u1eadn&nbsp;<strong>h\u00f3a \u0111\u01a1n chi ti\u1ebft<\/strong>, bao g\u1ed3m c\u1ea3 ph\u00ed v\u1eadn chuy\u1ec3n (n\u1ebfu c\u00f3).<\/p>\n\n\n\n<p><strong>2. PH\u01af\u01a0NG TH\u1ee8C THANH TO\u00c1N<\/strong><br>Flora Do Arts hi\u1ec7n h\u1ed7 tr\u1ee3 2 h\u00ecnh th\u1ee9c thanh to\u00e1n nh\u01b0 sau:<br>\ud83d\udd39&nbsp;<strong>Chuy\u1ec3n kho\u1ea3n tr\u1ef1c ti\u1ebfp qua ng\u00e2n h\u00e0ng<\/strong><br>\ud83d\udd39&nbsp;<strong>Thanh to\u00e1n qua PayPal<\/strong>&nbsp;(\u00e1p d\u1ee5ng cho kh\u00e1ch h\u00e0ng qu\u1ed1c t\u1ebf)<br>Sau khi x\u00e1c nh\u1eadn \u0111\u01a1n h\u00e0ng, b\u1ea1n s\u1ebd nh\u1eadn \u0111\u01b0\u1ee3c h\u00f3a \u0111\u01a1n k\u00e8m th\u00f4ng tin&nbsp;<strong>t\u00e0i kho\u1ea3n ng\u00e2n h\u00e0ng ho\u1eb7c \u0111\u1ecba ch\u1ec9 PayPal.<\/strong>.<br><strong><kbd>L\u01b0u \u00fd:<\/kbd><\/strong><br>M\u1ecdi kho\u1ea3n ph\u00ed&nbsp;<strong>chuy\u1ec3n kho\u1ea3n, ph\u00ed PayPal ho\u1eb7c ph\u00ed quy \u0111\u1ed5i ngo\u1ea1i t\u1ec7 (n\u1ebfu c\u00f3)<\/strong>&nbsp;s\u1ebd do ng\u01b0\u1eddi mua chi tr\u1ea3.<br><strong>\u0110\u01a1n h\u00e0ng s\u1ebd ch\u1ec9 \u0111\u01b0\u1ee3c x\u1eed l\u00fd<\/strong>&nbsp;sau khi ch\u00fang t\u00f4i x\u00e1c nh\u1eadn \u0111\u00e3 nh\u1eadn \u0111\u1ee7 kho\u1ea3n thanh to\u00e1n trong t\u00e0i kho\u1ea3n.<br>Vui l\u00f2ng thanh to\u00e1n&nbsp;<strong>\u0111\u1ea7y \u0111\u1ee7 s\u1ed1 ti\u1ec1n<\/strong>&nbsp;ghi trong h\u00f3a \u0111\u01a1n, bao g\u1ed3m ph\u00ed v\u1eadn chuy\u1ec3n (n\u1ebfu c\u00f3).<\/p>\n\n\n\n<p><strong>3. X\u00c1C NH\u1eacN THANH TO\u00c1N<\/strong><\/p>\n\n\n\n<p>Sau khi ho\u00e0n t\u1ea5t thanh to\u00e1n, b\u1ea1n vui l\u00f2ng g\u1eedi&nbsp;<strong>bi\u00ean nh\u1eadn ho\u1eb7c \u1ea3nh ch\u1ee5p giao d\u1ecbch<\/strong>&nbsp;t\u1edbi email:&nbsp;<a>flora.do.arts@gmail.com<\/a>.<br><\/p>\n\n\n\n<p>Ch\u00fang t\u00f4i s\u1ebd ki\u1ec3m tra v\u00e0 ph\u1ea3n h\u1ed3i x\u00e1c nh\u1eadn s\u1edbm nh\u1ea5t. Ch\u1ec9 sau khi kho\u1ea3n thanh to\u00e1n \u0111\u01b0\u1ee3c x\u00e1c nh\u1eadn, \u0111\u01a1n h\u00e0ng c\u1ee7a b\u1ea1n m\u1edbi \u0111\u01b0\u1ee3c ti\u1ebfn h\u00e0nh x\u1eed l\u00fd v\u00e0 v\u1eadn chuy\u1ec3n.<\/p>\n\n\n\n<p><strong>4. V\u1eacN CHUY\u1ec2N V\u00c0 THEO D\u00d5I \u0110\u01a0N H\u00c0NG<\/strong><\/p>\n\n\n\n<p>Khi \u0111\u00e3 nh\u1eadn \u0111\u1ee7 thanh to\u00e1n, ch\u00fang t\u00f4i s\u1ebd:<br>- G\u1eedi email x\u00e1c nh\u1eadn,<br>- Ti\u1ebfn h\u00e0nh \u0111\u00f3ng g\u00f3i c\u1ea9n th\u1eadn,<br>- G\u1eedi h\u00e0ng qua \u0111\u01a1n v\u1ecb v\u1eadn chuy\u1ec3n ph\u00f9 h\u1ee3p,<br>- Cung c\u1ea5p&nbsp;<strong>m\u00e3 v\u1eadn \u0111\u01a1n<\/strong>&nbsp;\u0111\u1ec3 b\u1ea1n d\u1ec5 d\u00e0ng theo d\u00f5i.<br><\/p>\n\n\n\n<p><strong>L\u01b0u \u00fd:<\/strong><br>Thu\u1ebf nh\u1eadp kh\u1ea9u, ph\u00ed h\u1ea3i quan ho\u1eb7c c\u00e1c chi ph\u00ed ph\u00e1t sinh kh\u00e1c (n\u1ebfu c\u00f3) s\u1ebd do ng\u01b0\u1eddi mua chi tr\u1ea3.<br><strong>Th\u1eddi gian v\u1eadn chuy\u1ec3n ph\u1ee5 thu\u1ed9c v\u00e0o v\u1ecb tr\u00ed c\u1ee7a b\u1ea1n<\/strong>&nbsp;v\u00e0 th\u1ee7 t\u1ee5c th\u00f4ng quan (v\u1edbi \u0111\u01a1n h\u00e0ng qu\u1ed1c t\u1ebf).<\/p>\n\n\n\n<p><strong>5. KHI MUA S\u1ea2N PH\u1ea8M T\u1ea0I FLORA DO ARTS, B\u1ea0N S\u1ebc NH\u1eacN \u0110\u01af\u1ee2C<\/strong><\/p>\n\n\n\n<p>T\u00f9y theo lo\u1ea1i s\u1ea3n ph\u1ea9m, \u0111\u01a1n h\u00e0ng c\u1ee7a b\u1ea1n c\u00f3 th\u1ec3 bao g\u1ed3m:<\/p>\n\n\n\n<p>\u2705&nbsp;<strong>T\u00e1c ph\u1ea9m ngh\u1ec7 thu\u1eadt nguy\u00ean b\u1ea3n<\/strong>&nbsp;(\u0111\u1ed1i v\u1edbi tranh)<br>\u2705&nbsp;<strong>Gi\u1ea5y ch\u1ee9ng nh\u1eadn t\u00e1c ph\u1ea9m g\u1ed1c<\/strong><br>\u2705&nbsp;<strong>C\u00e2u chuy\u1ec7n ho\u1eb7c m\u00f4 t\u1ea3 \u00fd ngh\u0129a s\u1ea3n ph\u1ea9m<\/strong><br>\u2705&nbsp;<strong>Th\u01b0 c\u1ea3m \u01a1n t\u1eeb ngh\u1ec7 s\u0129<\/strong><br>\u2705&nbsp;<strong>H\u01b0\u1edbng d\u1eabn b\u1ea3o qu\u1ea3n tranh ho\u1eb7c s\u1ea3n ph\u1ea9m (nh\u01b0 c\u1ed1c s\u1ee9)<\/strong><br>\u2705&nbsp;<strong>Qu\u00e0 t\u1eb7ng l\u01b0u ni\u1ec7m<\/strong>&nbsp;(t\u00f9y theo ch\u01b0\u01a1ng tr\u00ecnh khuy\u1ebfn m\u00e3i ho\u1eb7c d\u1ecbp \u0111\u1eb7c bi\u1ec7t)<\/p>\n\n\n\n<p><strong>6. H\u1ed6 TR\u1ee2 V\u00c0 LI\u00caN H\u1ec6<\/strong><\/p>\n\n\n\n<p>N\u1ebfu b\u1ea1n c\u00f3 b\u1ea5t k\u1ef3 c\u00e2u h\u1ecfi n\u00e0o v\u1ec1 s\u1ea3n ph\u1ea9m, thanh to\u00e1n, v\u1eadn chuy\u1ec3n ho\u1eb7c c\u1ea7n \u0111\u1eb7t h\u00e0ng theo y\u00eau c\u1ea7u ri\u00eang, \u0111\u1eebng ng\u1ea7n ng\u1ea1i li\u00ean h\u1ec7 v\u1edbi ch\u00fang t\u00f4i:<br>\ud83d\udce7&nbsp;<strong><a>flora.do.arts@gmail.com<\/a><\/strong><\/p>\n\n\n\n<p>\ud83d\udc49&nbsp;<strong>Vui l\u00f2ng \u0111\u1ecdc \u0111\u1ea7y \u0111\u1ee7&nbsp;<kbd><a href=\"https:\/\/florafinearts.com\/vi\/terms-conditions\/\" data-type=\"page\" data-id=\"1451\"><mark style=\"background-color:rgba(0, 0, 0, 0)\" class=\"has-inline-color has-white-color\">\u0110i\u1ec1u kho\u1ea3n &amp; \u0110i\u1ec1u ki\u1ec7n<\/mark><\/a>&nbsp;<\/kbd>t\u1ea1i \u0111\u00e2y tr\u01b0\u1edbc khi \u0111\u1eb7t h\u00e0ng.<\/strong><\/p>\n\n\n\n<p>Ch\u00fang t\u00f4i lu\u00f4n s\u1eb5n s\u00e0ng h\u1ed7 tr\u1ee3 b\u1ea1n v\u1edbi s\u1ef1 t\u1eadn t\u00e2m v\u00e0 bi\u1ebft \u01a1n.<\/p>\n\n\n\n<p>C\u1ea3m \u01a1n b\u1ea1n \u0111\u00e3 \u0111\u1ed3ng h\u00e0nh c\u00f9ng&nbsp;<strong>Ngh\u1ec7 thu\u1eadt c\u1ee7a hoa<\/strong>&nbsp;\u2013 t\u1eeb tr\u00e1i tim c\u1ee7a ch\u00fang t\u00f4i, g\u1eedi \u0111\u1ebfn b\u1ea1n.<\/p>\n\n\n\n<div data-block-name=\"woocommerce\/cart-cross-sells-block\" class=\"wp-block-woocommerce-cart-cross-sells-block\">\n<h2 class=\"wp-block-heading has-large-font-size\">You may be interested in\u2026<\/h2>\n\n\n\n<div data-block-name=\"woocommerce\/cart-cross-sells-products-block\" class=\"wp-block-woocommerce-cart-cross-sells-products-block\"><\/div>\n<\/div>\n<\/div>\n\n\n\n<div data-block-name=\"woocommerce\/cart-totals-block\" class=\"wp-block-woocommerce-cart-totals-block\">\n<div data-block-name=\"woocommerce\/cart-order-summary-block\" class=\"wp-block-woocommerce-cart-order-summary-block\">\n<div data-block-name=\"woocommerce\/cart-order-summary-heading-block\" class=\"wp-block-woocommerce-cart-order-summary-heading-block\"><\/div>\n\n\n\n<div data-block-name=\"woocommerce\/cart-order-summary-coupon-form-block\" class=\"wp-block-woocommerce-cart-order-summary-coupon-form-block\"><\/div>\n\n\n\n<div data-block-name=\"woocommerce\/cart-order-summary-totals-block\" class=\"wp-block-woocommerce-cart-order-summary-totals-block\">\n<div data-block-name=\"woocommerce\/cart-order-summary-subtotal-block\" class=\"wp-block-woocommerce-cart-order-summary-subtotal-block\"><\/div>\n\n\n\n<div data-block-name=\"woocommerce\/cart-order-summary-fee-block\" class=\"wp-block-woocommerce-cart-order-summary-fee-block\"><\/div>\n\n\n\n<div data-block-name=\"woocommerce\/cart-order-summary-discount-block\" class=\"wp-block-woocommerce-cart-order-summary-discount-block\"><\/div>\n\n\n\n<div data-block-name=\"woocommerce\/cart-order-summary-shipping-block\" class=\"wp-block-woocommerce-cart-order-summary-shipping-block\"><\/div>\n\n\n\n<div data-block-name=\"woocommerce\/cart-order-summary-taxes-block\" class=\"wp-block-woocommerce-cart-order-summary-taxes-block\"><\/div>\n<\/div>\n<\/div>\n\n\n\n<div data-block-name=\"woocommerce\/cart-express-payment-block\" class=\"wp-block-woocommerce-cart-express-payment-block\"><\/div>\n\n\n\n\n\n<div data-block-name=\"woocommerce\/cart-accepted-payment-methods-block\" class=\"wp-block-woocommerce-cart-accepted-payment-methods-block\"><\/div>\n<\/div>\n<\/div>\n\n\n\n<div data-block-name=\"woocommerce\/empty-cart-block\" class=\"wp-block-woocommerce-empty-cart-block\">\n<h2 class=\"wp-block-heading has-text-align-center with-empty-cart-icon wc-block-cart__empty-cart__title\">Gi\u1ecf h\u00e0ng c\u1ee7a b\u1ea1n hi\u1ec7n \u0111ang tr\u1ed1ng!<\/h2>\n\n\n\n<hr class=\"wp-block-separator has-alpha-channel-opacity is-style-dots\"\/>\n\n\n\n<h2 class=\"wp-block-heading has-text-align-center\">T\u00e1c ph\u1ea9m m\u1edbi<\/h2>\n\n\n<div data-block-name=\"woocommerce\/product-new\" data-columns=\"4\" data-rows=\"1\" class=\"wc-block-grid wp-block-product-new wp-block-woocommerce-product-new wc-block-product-new has-4-columns\"><ul class=\"wc-block-grid__products\"><li class=\"wc-block-grid__product\">\n\t\t\t\t<a href=\"https:\/\/florafinearts.com\/vi\/san-pham\/tulip-trang-so-2\/\" class=\"wc-block-grid__product-link\">\n\t\t\t\t\t\n\t\t\t\t\t<div class=\"wc-block-grid__product-image\"><img loading=\"lazy\" decoding=\"async\" width=\"300\" height=\"300\" src=\"https:\/\/florafinearts.com\/wp-content\/uploads\/2025\/05\/1-4-300x300.png\" class=\"attachment-woocommerce_thumbnail size-woocommerce_thumbnail\" alt=\"White Tulip - No 2\" srcset=\"https:\/\/florafinearts.com\/wp-content\/uploads\/2025\/05\/1-4-300x300.png 300w, https:\/\/florafinearts.com\/wp-content\/uploads\/2025\/05\/1-4-150x150.png 150w, https:\/\/florafinearts.com\/wp-content\/uploads\/2025\/05\/1-4-12x12.png 12w\" sizes=\"auto, (max-width: 300px) 100vw, 300px\" \/><\/div>\n\t\t\t\t\t<div class=\"wc-block-grid__product-title\">Tulip Tr\u1eafng - S\u1ed1 2<\/div>\n\t\t\t\t<\/a>\n\t\t\t\t<div class=\"wc-block-grid__product-price price\"><span class=\"woocommerce-Price-amount amount\">220&nbsp;<span class=\"woocommerce-Price-currencySymbol\">&#036;<\/span><\/span><\/div>\n\t\t\t\t\n\t\t\t\t<div class=\"wp-block-button wc-block-grid__product-add-to-cart\"><a href=\"\/vi\/wp-json\/wp\/v2\/pages\/247?add-to-cart=2466\" aria-label=\"Th\u00eam v\u00e0o gi\u1ecf h\u00e0ng: &ldquo;White Tulip - No 2&rdquo;\" data-quantity=\"1\" data-product_id=\"2466\" data-product_sku=\"\" data-price=\"220\" rel=\"nofollow\" class=\"wp-block-button__link  add_to_cart_button ajax_add_to_cart\">Th\u00eam v\u00e0o gi\u1ecf h\u00e0ng<\/a><\/div>\n\t\t\t<\/li><li class=\"wc-block-grid__product\">\n\t\t\t\t<a href=\"https:\/\/florafinearts.com\/vi\/san-pham\/white-tulip\/\" class=\"wc-block-grid__product-link\">\n\t\t\t\t\t\n\t\t\t\t\t<div class=\"wc-block-grid__product-image\"><img loading=\"lazy\" decoding=\"async\" width=\"300\" height=\"300\" src=\"https:\/\/florafinearts.com\/wp-content\/uploads\/2025\/05\/Tiny-Siam-Tulip-2-300x300.png\" class=\"attachment-woocommerce_thumbnail size-woocommerce_thumbnail\" alt=\"White tulip\" srcset=\"https:\/\/florafinearts.com\/wp-content\/uploads\/2025\/05\/Tiny-Siam-Tulip-2-300x300.png 300w, https:\/\/florafinearts.com\/wp-content\/uploads\/2025\/05\/Tiny-Siam-Tulip-2-150x150.png 150w, https:\/\/florafinearts.com\/wp-content\/uploads\/2025\/05\/Tiny-Siam-Tulip-2-12x12.png 12w\" sizes=\"auto, (max-width: 300px) 100vw, 300px\" \/><\/div>\n\t\t\t\t\t<div class=\"wc-block-grid__product-title\">Tulip tr\u1eafng<\/div>\n\t\t\t\t<\/a>\n\t\t\t\t<div class=\"wc-block-grid__product-price price\"><span class=\"woocommerce-Price-amount amount\">220&nbsp;<span class=\"woocommerce-Price-currencySymbol\">&#036;<\/span><\/span><\/div>\n\t\t\t\t\n\t\t\t\t<div class=\"wp-block-button wc-block-grid__product-add-to-cart\"><a href=\"\/vi\/wp-json\/wp\/v2\/pages\/247?add-to-cart=2459\" aria-label=\"Th\u00eam v\u00e0o gi\u1ecf h\u00e0ng: &ldquo;White tulip&rdquo;\" data-quantity=\"1\" data-product_id=\"2459\" data-product_sku=\"\" data-price=\"220\" rel=\"nofollow\" class=\"wp-block-button__link  add_to_cart_button ajax_add_to_cart\">Th\u00eam v\u00e0o gi\u1ecf h\u00e0ng<\/a><\/div>\n\t\t\t<\/li><li class=\"wc-block-grid__product\">\n\t\t\t\t<a href=\"https:\/\/florafinearts.com\/vi\/san-pham\/siam-tulip-on-a-black-background\/\" class=\"wc-block-grid__product-link\">\n\t\t\t\t\t\n\t\t\t\t\t<div class=\"wc-block-grid__product-image\"><img loading=\"lazy\" decoding=\"async\" width=\"300\" height=\"300\" src=\"https:\/\/florafinearts.com\/wp-content\/uploads\/2025\/05\/IMG_4286-300x300.jpg\" class=\"attachment-woocommerce_thumbnail size-woocommerce_thumbnail\" alt=\"Siam Tulip on a Black Background\" srcset=\"https:\/\/florafinearts.com\/wp-content\/uploads\/2025\/05\/IMG_4286-300x300.jpg 300w, https:\/\/florafinearts.com\/wp-content\/uploads\/2025\/05\/IMG_4286-150x150.jpg 150w\" sizes=\"auto, (max-width: 300px) 100vw, 300px\" \/><\/div>\n\t\t\t\t\t<div class=\"wc-block-grid__product-title\">Kh\u01b0\u01a1ng Ho\u00e0ng Hoa tr\u00ean n\u1ec1n \u0111en<\/div>\n\t\t\t\t<\/a>\n\t\t\t\t<div class=\"wc-block-grid__product-price price\"><span class=\"woocommerce-Price-amount amount\">300&nbsp;<span class=\"woocommerce-Price-currencySymbol\">&#036;<\/span><\/span><\/div>\n\t\t\t\t\n\t\t\t\t<div class=\"wp-block-button wc-block-grid__product-add-to-cart\"><a href=\"\/vi\/wp-json\/wp\/v2\/pages\/247?add-to-cart=2452\" aria-label=\"Th\u00eam v\u00e0o gi\u1ecf h\u00e0ng: &ldquo;Siam Tulip on a Black Background&rdquo;\" data-quantity=\"1\" data-product_id=\"2452\" data-product_sku=\"\" data-price=\"300\" rel=\"nofollow\" class=\"wp-block-button__link  add_to_cart_button ajax_add_to_cart\">Th\u00eam v\u00e0o gi\u1ecf h\u00e0ng<\/a><\/div>\n\t\t\t<\/li><li class=\"wc-block-grid__product\">\n\t\t\t\t<a href=\"https:\/\/florafinearts.com\/vi\/san-pham\/minh-long-porcelain-cup-the-daydream-hills-small\/\" class=\"wc-block-grid__product-link\">\n\t\t\t\t\t\n\t\t\t\t\t<div class=\"wc-block-grid__product-image\"><img loading=\"lazy\" decoding=\"async\" width=\"300\" height=\"300\" src=\"https:\/\/florafinearts.com\/wp-content\/uploads\/2025\/05\/Flora-Do-Arts-Art-Gift-Set-CUP-13-300x300.png\" class=\"attachment-woocommerce_thumbnail size-woocommerce_thumbnail\" alt=\"Minh Long Porcelain Cup \u2013 The Daydream Hills - small\" srcset=\"https:\/\/florafinearts.com\/wp-content\/uploads\/2025\/05\/Flora-Do-Arts-Art-Gift-Set-CUP-13-300x300.png 300w, https:\/\/florafinearts.com\/wp-content\/uploads\/2025\/05\/Flora-Do-Arts-Art-Gift-Set-CUP-13-1024x1024.png 1024w, https:\/\/florafinearts.com\/wp-content\/uploads\/2025\/05\/Flora-Do-Arts-Art-Gift-Set-CUP-13-150x150.png 150w, https:\/\/florafinearts.com\/wp-content\/uploads\/2025\/05\/Flora-Do-Arts-Art-Gift-Set-CUP-13-768x768.png 768w, https:\/\/florafinearts.com\/wp-content\/uploads\/2025\/05\/Flora-Do-Arts-Art-Gift-Set-CUP-13-12x12.png 12w, https:\/\/florafinearts.com\/wp-content\/uploads\/2025\/05\/Flora-Do-Arts-Art-Gift-Set-CUP-13-750x750.png 750w, https:\/\/florafinearts.com\/wp-content\/uploads\/2025\/05\/Flora-Do-Arts-Art-Gift-Set-CUP-13.png 1080w\" sizes=\"auto, (max-width: 300px) 100vw, 300px\" \/><\/div>\n\t\t\t\t\t<div class=\"wc-block-grid__product-title\">C\u1ed1c s\u1ee9 Minh Long Cao c\u1ea5p - Ng\u00e0y m\u01a1 tr\u00ean \u0111\u1ed3i - nh\u1ecf<\/div>\n\t\t\t\t<\/a>\n\t\t\t\t<div class=\"wc-block-grid__product-price price\"><span class=\"woocommerce-Price-amount amount\">18&nbsp;<span class=\"woocommerce-Price-currencySymbol\">&#036;<\/span><\/span><\/div>\n\t\t\t\t\n\t\t\t\t<div class=\"wp-block-button wc-block-grid__product-add-to-cart\"><a href=\"\/vi\/wp-json\/wp\/v2\/pages\/247?add-to-cart=2499\" aria-label=\"Th\u00eam v\u00e0o gi\u1ecf h\u00e0ng: &ldquo;Minh Long Porcelain Cup \u2013 The Daydream Hills - small&rdquo;\" data-quantity=\"1\" data-product_id=\"2499\" data-product_sku=\"\" data-price=\"18\" rel=\"nofollow\" class=\"wp-block-button__link  add_to_cart_button ajax_add_to_cart\">Th\u00eam v\u00e0o gi\u1ecf h\u00e0ng<\/a><\/div>\n\t\t\t<\/li><\/ul><\/div><\/div>\n<\/div>","protected":false},"excerpt":{"rendered":"\ud83c\udf3f&nbsp;ORDERING GUIDEThank you for your interest in the artwork and inspired products from&nbsp;Flora Do Arts. Whether you choose an original painting, a ceramic art mug, or a thoughtfully curated gift set, we deeply appreciate your support on this journey of sharing beauty and a slower, more mindful way of living. 1. HOW TO ORDERYou can browse available&nbsp;original paintings&nbsp;and&nbsp;art merchandise&nbsp;(gift sets, [...]","protected":false},"author":1,"featured_media":0,"parent":0,"menu_order":0,"comment_status":"closed","ping_status":"closed","template":"","meta":{"jetpack_post_was_ever_published":false,"footnotes":""},"class_list":["post-247","page","type-page","status-publish","hentry"],"jetpack_sharing_enabled":true,"_links":{"self":[{"href":"https:\/\/florafinearts.com\/vi\/wp-json\/wp\/v2\/pages\/247","targetHints":{"allow":["GET"]}}],"collection":[{"href":"https:\/\/florafinearts.com\/vi\/wp-json\/wp\/v2\/pages"}],"about":[{"href":"https:\/\/florafinearts.com\/vi\/wp-json\/wp\/v2\/types\/page"}],"author":[{"embeddable":true,"href":"https:\/\/florafinearts.com\/vi\/wp-json\/wp\/v2\/users\/1"}],"replies":[{"embeddable":true,"href":"https:\/\/florafinearts.com\/vi\/wp-json\/wp\/v2\/comments?post=247"}],"version-history":[{"count":20,"href":"https:\/\/florafinearts.com\/vi\/wp-json\/wp\/v2\/pages\/247\/revisions"}],"predecessor-version":[{"id":2553,"href":"https:\/\/florafinearts.com\/vi\/wp-json\/wp\/v2\/pages\/247\/revisions\/2553"}],"wp:attachment":[{"href":"https:\/\/florafinearts.com\/vi\/wp-json\/wp\/v2\/media?parent=247"}],"curies":[{"name":"wp","href":"https:\/\/api.w.org\/{rel}","templated":true}]}}