{"id":2016,"date":"2025-03-16T06:55:27","date_gmt":"2025-03-16T06:55:27","guid":{"rendered":"https:\/\/florafinearts.com\/?page_id=2016"},"modified":"2025-03-26T04:57:26","modified_gmt":"2025-03-26T04:57:26","slug":"dreamy-da-lat","status":"publish","type":"page","link":"https:\/\/florafinearts.com\/vi\/collections\/dreamy-da-lat\/","title":{"rendered":"B\u1ed9 \u0110\u00e0 L\u1ea1t Trong M\u01a1"},"content":{"rendered":"<p>T\u00f4i kh\u00f4ng sinh ra \u1edf \u0110\u00e0 L\u1ea1t v\u00e0 hi\u1ec7n \u0111ang sinh s\u1ed1ng t\u1ea1i TP HCM, nh\u01b0ng \u0110\u00e0 L\u1ea1t v\u1edbi t\u00f4i nh\u01b0 m\u1ed9t qu\u00ea h\u01b0\u01a1ng th\u1ee9 hai. Th\u00e0nh ph\u1ed1 \u0111\u00f3, v\u1edbi kh\u00f4ng gian v\u00e0 m\u00f9i h\u01b0\u01a1ng, nh\u01b0 m\u1ed9t c\u00e1ch t\u00f4i t\u00ecm th\u1ea5y ch\u00ednh t\u00e2m h\u1ed3n m\u00ecnh. M\u1ed9t \u0110\u00e0 L\u1ea1t m\u00e0 t\u00f4i nh\u00ecn th\u1ea5y, r\u1ea5t gi\u1ea3n d\u1ecb, v\u00e0 lu\u00f4n l\u00e0m cho t\u00f4i kh\u00f4ng ph\u1ea3i \u201cv\u00e0o vai\u201d m\u1ed9t ai kh\u00e1c. D\u00f9 v\u1eady, khi ng\u1ed3i \u1edf S\u00e0i G\u00f2n, v\u00e0 v\u1ebd v\u1ec1 \u201c\u0110\u00e0 L\u1ea1t c\u1ee7a t\u00f4i\u201d, c\u00f3 l\u1ebd \u0110\u00e0 L\u1ea1t \u0111\u00e3 hi\u1ec7n ra r\u1ea5t kh\u00e1c, r\u1ea5t kh\u00e1c v\u1edbi m\u1ed9t \u0110\u00e0 L\u1ea1t m\u00e0 b\u1ea1n nh\u00ecn th\u1ea5y, v\u00e0 c\u0169ng kh\u00e1c v\u1edbi \u0110\u00e0 L\u1ea1t m\u00e0 t\u00f4i t\u1eebng nh\u00ecn th\u1ea5y. \u0110\u00f3 l\u00e0 m\u1ed9t \u201c\u0110\u00e0 L\u1ea1t trong m\u01a1\u201d, ch\u1ee9 kh\u00f4ng ph\u1ea3i \u0110\u00e0 L\u1ea1t m\u1ed9ng m\u01a1 nh\u01b0 b\u1ea1n th\u01b0\u1eddng nghe. \u0110\u00f3 l\u00e0 n\u01a1i m\u00e0 t\u00f4i lu\u00f4n h\u01b0\u1edbng v\u1ec1, m\u1ed9t kh\u00f4ng gian m\u00e0 \u1edf \u0111\u00f3 tr\u00e0n ng\u1eadp \u00e1nh s\u00e1ng, s\u1ef1 b\u00ecnh an, d\u1ecbu d\u00e0ng v\u00e0 t\u1ea5t nhi\u00ean l\u00e0 r\u1ea5t \u0111\u1ed7i m\u01a1 m\u1ed9ng.<\/p>\n\n\n\n<figure class=\"wp-block-image size-large\"><img loading=\"lazy\" decoding=\"async\" width=\"1024\" height=\"678\" src=\"https:\/\/florafinearts.com\/wp-content\/uploads\/2024\/10\/IMG_4185-1024x678.jpg\" alt=\"Painting of a sunlit room with a blue armchair, surrounded by plants and flowers, overlooking a green landscape through large windows.\" class=\"wp-image-1538\" srcset=\"https:\/\/florafinearts.com\/wp-content\/uploads\/2024\/10\/IMG_4185-1024x678.jpg 1024w, https:\/\/florafinearts.com\/wp-content\/uploads\/2024\/10\/IMG_4185-scaled-750x497.jpg 750w, https:\/\/florafinearts.com\/wp-content\/uploads\/2024\/10\/IMG_4185-300x199.jpg 300w, https:\/\/florafinearts.com\/wp-content\/uploads\/2024\/10\/IMG_4185-768x509.jpg 768w, https:\/\/florafinearts.com\/wp-content\/uploads\/2024\/10\/IMG_4185-1536x1018.jpg 1536w, https:\/\/florafinearts.com\/wp-content\/uploads\/2024\/10\/IMG_4185-2048x1357.jpg 2048w, https:\/\/florafinearts.com\/wp-content\/uploads\/2024\/10\/IMG_4185-18x12.jpg 18w\" sizes=\"auto, (max-width: 1024px) 100vw, 1024px\" \/><figcaption class=\"wp-element-caption\">No. 1 &#8211; Oil on Canvas. 80 x 120 cm.<\/figcaption><\/figure>\n\n\n\n<figure class=\"wp-block-image size-large\"><img loading=\"lazy\" decoding=\"async\" width=\"1024\" height=\"674\" src=\"https:\/\/florafinearts.com\/wp-content\/uploads\/2024\/11\/IMG_4560-1024x674.jpg\" alt=\"\" class=\"wp-image-1745\" srcset=\"https:\/\/florafinearts.com\/wp-content\/uploads\/2024\/11\/IMG_4560-1024x674.jpg 1024w, https:\/\/florafinearts.com\/wp-content\/uploads\/2024\/11\/IMG_4560-300x197.jpg 300w, https:\/\/florafinearts.com\/wp-content\/uploads\/2024\/11\/IMG_4560-768x505.jpg 768w, https:\/\/florafinearts.com\/wp-content\/uploads\/2024\/11\/IMG_4560-1536x1011.jpg 1536w, https:\/\/florafinearts.com\/wp-content\/uploads\/2024\/11\/IMG_4560-2048x1348.jpg 2048w, https:\/\/florafinearts.com\/wp-content\/uploads\/2024\/11\/IMG_4560-18x12.jpg 18w, https:\/\/florafinearts.com\/wp-content\/uploads\/2024\/11\/IMG_4560-750x494.jpg 750w\" sizes=\"auto, (max-width: 1024px) 100vw, 1024px\" \/><figcaption class=\"wp-element-caption\">No. 2 &#8211; Oil on Canvas. 80 x 120 cm.<\/figcaption><\/figure>\n\n\n\n<figure class=\"wp-block-image size-large\"><img loading=\"lazy\" decoding=\"async\" width=\"1012\" height=\"1024\" src=\"https:\/\/florafinearts.com\/wp-content\/uploads\/2025\/03\/IMG_4404-1012x1024.jpg\" alt=\"\" class=\"wp-image-2042\" srcset=\"https:\/\/florafinearts.com\/wp-content\/uploads\/2025\/03\/IMG_4404-1012x1024.jpg 1012w, https:\/\/florafinearts.com\/wp-content\/uploads\/2025\/03\/IMG_4404-296x300.jpg 296w, https:\/\/florafinearts.com\/wp-content\/uploads\/2025\/03\/IMG_4404-768x777.jpg 768w, https:\/\/florafinearts.com\/wp-content\/uploads\/2025\/03\/IMG_4404-1517x1536.jpg 1517w, https:\/\/florafinearts.com\/wp-content\/uploads\/2025\/03\/IMG_4404-2023x2048.jpg 2023w, https:\/\/florafinearts.com\/wp-content\/uploads\/2025\/03\/IMG_4404-12x12.jpg 12w, https:\/\/florafinearts.com\/wp-content\/uploads\/2025\/03\/IMG_4404-750x759.jpg 750w, https:\/\/florafinearts.com\/wp-content\/uploads\/2025\/03\/IMG_4404-741x750.jpg 741w\" sizes=\"auto, (max-width: 1012px) 100vw, 1012px\" \/><\/figure>\n\n\n\n<p>No. 3 &#8211; Oil on Canvas. 100 x 100 cm.<\/p>\n\n\n\n<figure class=\"wp-block-image size-large\"><img loading=\"lazy\" decoding=\"async\" width=\"1024\" height=\"673\" src=\"https:\/\/florafinearts.com\/wp-content\/uploads\/2024\/11\/IMG_4637-1-1024x673.jpg\" alt=\"\" class=\"wp-image-1746\" srcset=\"https:\/\/florafinearts.com\/wp-content\/uploads\/2024\/11\/IMG_4637-1-1024x673.jpg 1024w, https:\/\/florafinearts.com\/wp-content\/uploads\/2024\/11\/IMG_4637-1-300x197.jpg 300w, https:\/\/florafinearts.com\/wp-content\/uploads\/2024\/11\/IMG_4637-1-768x505.jpg 768w, https:\/\/florafinearts.com\/wp-content\/uploads\/2024\/11\/IMG_4637-1-1536x1010.jpg 1536w, https:\/\/florafinearts.com\/wp-content\/uploads\/2024\/11\/IMG_4637-1-2048x1346.jpg 2048w, https:\/\/florafinearts.com\/wp-content\/uploads\/2024\/11\/IMG_4637-1-18x12.jpg 18w, https:\/\/florafinearts.com\/wp-content\/uploads\/2024\/11\/IMG_4637-1-750x493.jpg 750w\" sizes=\"auto, (max-width: 1024px) 100vw, 1024px\" \/><\/figure>\n\n\n\n<p>No. 4 &#8211; Oil on Canvas. 80 x 120 cm.<\/p>\n\n\n\n<figure class=\"wp-block-image size-large\"><img loading=\"lazy\" decoding=\"async\" width=\"1024\" height=\"761\" src=\"https:\/\/florafinearts.com\/wp-content\/uploads\/2024\/12\/@FLORA-DO-ARTS-Tranquil-Morning-1024x761.png\" alt=\"A painting depicting a serene kitchen scene with a vase of white flowers on a countertop in the foreground. Behind the sink, a window opens to a lush green garden with vibrant foliage and dappled sunlight filtering through. The composition balances the indoor still life with the tranquil outdoor view, creating a peaceful atmosphere.\" class=\"wp-image-1821\" srcset=\"https:\/\/florafinearts.com\/wp-content\/uploads\/2024\/12\/@FLORA-DO-ARTS-Tranquil-Morning-1024x761.png 1024w, https:\/\/florafinearts.com\/wp-content\/uploads\/2024\/12\/@FLORA-DO-ARTS-Tranquil-Morning-300x223.png 300w, https:\/\/florafinearts.com\/wp-content\/uploads\/2024\/12\/@FLORA-DO-ARTS-Tranquil-Morning-768x571.png 768w, https:\/\/florafinearts.com\/wp-content\/uploads\/2024\/12\/@FLORA-DO-ARTS-Tranquil-Morning-1536x1142.png 1536w, https:\/\/florafinearts.com\/wp-content\/uploads\/2024\/12\/@FLORA-DO-ARTS-Tranquil-Morning-2048x1522.png 2048w, https:\/\/florafinearts.com\/wp-content\/uploads\/2024\/12\/@FLORA-DO-ARTS-Tranquil-Morning-16x12.png 16w, https:\/\/florafinearts.com\/wp-content\/uploads\/2024\/12\/@FLORA-DO-ARTS-Tranquil-Morning-750x558.png 750w\" sizes=\"auto, (max-width: 1024px) 100vw, 1024px\" \/><figcaption class=\"wp-element-caption\">No 5. Oil on Canvas. 30 x 40 cm.<\/figcaption><\/figure>\n\n\n\n<figure class=\"wp-block-image size-large\"><img loading=\"lazy\" decoding=\"async\" width=\"1020\" height=\"1024\" src=\"https:\/\/florafinearts.com\/wp-content\/uploads\/2024\/11\/@FLORA-DO-ARTS-Dreamy-Da-Lat-4-1020x1024.png\" alt=\"\" class=\"wp-image-1829\" srcset=\"https:\/\/florafinearts.com\/wp-content\/uploads\/2024\/11\/@FLORA-DO-ARTS-Dreamy-Da-Lat-4-1020x1024.png 1020w, https:\/\/florafinearts.com\/wp-content\/uploads\/2024\/11\/@FLORA-DO-ARTS-Dreamy-Da-Lat-4-300x300.png 300w, https:\/\/florafinearts.com\/wp-content\/uploads\/2024\/11\/@FLORA-DO-ARTS-Dreamy-Da-Lat-4-150x150.png 150w, https:\/\/florafinearts.com\/wp-content\/uploads\/2024\/11\/@FLORA-DO-ARTS-Dreamy-Da-Lat-4-768x771.png 768w, https:\/\/florafinearts.com\/wp-content\/uploads\/2024\/11\/@FLORA-DO-ARTS-Dreamy-Da-Lat-4-1530x1536.png 1530w, https:\/\/florafinearts.com\/wp-content\/uploads\/2024\/11\/@FLORA-DO-ARTS-Dreamy-Da-Lat-4-2041x2048.png 2041w, https:\/\/florafinearts.com\/wp-content\/uploads\/2024\/11\/@FLORA-DO-ARTS-Dreamy-Da-Lat-4-12x12.png 12w, https:\/\/florafinearts.com\/wp-content\/uploads\/2024\/11\/@FLORA-DO-ARTS-Dreamy-Da-Lat-4-750x753.png 750w, https:\/\/florafinearts.com\/wp-content\/uploads\/2024\/11\/@FLORA-DO-ARTS-Dreamy-Da-Lat-4-747x750.png 747w\" sizes=\"auto, (max-width: 1020px) 100vw, 1020px\" \/><figcaption class=\"wp-element-caption\">No. 6 &#8211; Oil on Canvas. 100 x 100 cm.<\/figcaption><\/figure>\n\n\n\n<figure class=\"wp-block-image size-large\"><img loading=\"lazy\" decoding=\"async\" width=\"1024\" height=\"1024\" src=\"https:\/\/florafinearts.com\/wp-content\/uploads\/2025\/03\/Dreamy-Da-Lat-No.-7-1-1024x1024.png\" alt=\"\" class=\"wp-image-2052\" srcset=\"https:\/\/florafinearts.com\/wp-content\/uploads\/2025\/03\/Dreamy-Da-Lat-No.-7-1-1024x1024.png 1024w, https:\/\/florafinearts.com\/wp-content\/uploads\/2025\/03\/Dreamy-Da-Lat-No.-7-1-300x300.png 300w, https:\/\/florafinearts.com\/wp-content\/uploads\/2025\/03\/Dreamy-Da-Lat-No.-7-1-150x150.png 150w, https:\/\/florafinearts.com\/wp-content\/uploads\/2025\/03\/Dreamy-Da-Lat-No.-7-1-768x768.png 768w, https:\/\/florafinearts.com\/wp-content\/uploads\/2025\/03\/Dreamy-Da-Lat-No.-7-1-12x12.png 12w, https:\/\/florafinearts.com\/wp-content\/uploads\/2025\/03\/Dreamy-Da-Lat-No.-7-1-750x750.png 750w, https:\/\/florafinearts.com\/wp-content\/uploads\/2025\/03\/Dreamy-Da-Lat-No.-7-1.png 1080w\" sizes=\"auto, (max-width: 1024px) 100vw, 1024px\" \/><\/figure>\n\n\n\n<p>No. 7 &#8211; Oil on Canvas. 100 x 100 cm.<\/p>","protected":false},"excerpt":{"rendered":"<p>T\u00f4i kh\u00f4ng sinh ra \u1edf \u0110\u00e0 L\u1ea1t v\u00e0 hi\u1ec7n \u0111ang sinh s\u1ed1ng t\u1ea1i TP HCM, nh\u01b0ng \u0110\u00e0 L\u1ea1t v\u1edbi t\u00f4i nh\u01b0 m\u1ed9t qu\u00ea h\u01b0\u01a1ng th\u1ee9 hai. Th\u00e0nh ph\u1ed1 \u0111\u00f3, v\u1edbi kh\u00f4ng gian v\u00e0 m\u00f9i h\u01b0\u01a1ng, nh\u01b0 m\u1ed9t c\u00e1ch t\u00f4i t\u00ecm th\u1ea5y ch\u00ednh t\u00e2m h\u1ed3n m\u00ecnh. M\u1ed9t \u0110\u00e0 L\u1ea1t m\u00e0 t\u00f4i nh\u00ecn th\u1ea5y, r\u1ea5t gi\u1ea3n d\u1ecb, v\u00e0 lu\u00f4n l\u00e0m cho t\u00f4i kh\u00f4ng ph\u1ea3i \u201cv\u00e0o vai\u201d m\u1ed9t ai kh\u00e1c. D\u00f9 v\u1eady, khi ng\u1ed3i \u1edf S\u00e0i G\u00f2n, v\u00e0 v\u1ebd v\u1ec1 \u201c\u0110\u00e0 L\u1ea1t c\u1ee7a t\u00f4i\u201d, c\u00f3 l\u1ebd \u0110\u00e0 L\u1ea1t \u0111\u00e3 hi\u1ec7n ra r\u1ea5t kh\u00e1c, r\u1ea5t kh\u00e1c v\u1edbi m\u1ed9t \u0110\u00e0 L\u1ea1t m\u00e0 b\u1ea1n nh\u00ecn th\u1ea5y, v\u00e0 c\u0169ng kh\u00e1c v\u1edbi \u0110\u00e0 L\u1ea1t m\u00e0 t\u00f4i t\u1eebng nh\u00ecn th\u1ea5y. \u0110\u00f3 l\u00e0 m\u1ed9t \u201c\u0110\u00e0 L\u1ea1t trong m\u01a1\u201d, ch\u1ee9 kh\u00f4ng ph\u1ea3i \u0110\u00e0 L\u1ea1t m\u1ed9ng m\u01a1 nh\u01b0 b\u1ea1n th\u01b0\u1eddng nghe. \u0110\u00f3 l\u00e0 n\u01a1i m\u00e0 t\u00f4i lu\u00f4n h\u01b0\u1edbng v\u1ec1, m\u1ed9t kh\u00f4ng gian m\u00e0 \u1edf \u0111\u00f3 tr\u00e0n ng\u1eadp \u00e1nh s\u00e1ng, s\u1ef1 b\u00ecnh an, d\u1ecbu d\u00e0ng v\u00e0 t\u1ea5t nhi\u00ean l\u00e0 r\u1ea5t \u0111\u1ed7i m\u01a1 m\u1ed9ng.<\/p>","protected":false},"author":2,"featured_media":1538,"parent":1710,"menu_order":0,"comment_status":"closed","ping_status":"closed","template":"","meta":{"jetpack_post_was_ever_published":false,"footnotes":""},"class_list":["post-2016","page","type-page","status-publish","has-post-thumbnail","hentry"],"jetpack_sharing_enabled":true,"_links":{"self":[{"href":"https:\/\/florafinearts.com\/vi\/wp-json\/wp\/v2\/pages\/2016","targetHints":{"allow":["GET"]}}],"collection":[{"href":"https:\/\/florafinearts.com\/vi\/wp-json\/wp\/v2\/pages"}],"about":[{"href":"https:\/\/florafinearts.com\/vi\/wp-json\/wp\/v2\/types\/page"}],"author":[{"embeddable":true,"href":"https:\/\/florafinearts.com\/vi\/wp-json\/wp\/v2\/users\/2"}],"replies":[{"embeddable":true,"href":"https:\/\/florafinearts.com\/vi\/wp-json\/wp\/v2\/comments?post=2016"}],"version-history":[{"count":13,"href":"https:\/\/florafinearts.com\/vi\/wp-json\/wp\/v2\/pages\/2016\/revisions"}],"predecessor-version":[{"id":2059,"href":"https:\/\/florafinearts.com\/vi\/wp-json\/wp\/v2\/pages\/2016\/revisions\/2059"}],"up":[{"embeddable":true,"href":"https:\/\/florafinearts.com\/vi\/wp-json\/wp\/v2\/pages\/1710"}],"wp:featuredmedia":[{"embeddable":true,"href":"https:\/\/florafinearts.com\/vi\/wp-json\/wp\/v2\/media\/1538"}],"wp:attachment":[{"href":"https:\/\/florafinearts.com\/vi\/wp-json\/wp\/v2\/media?parent=2016"}],"curies":[{"name":"wp","href":"https:\/\/api.w.org\/{rel}","templated":true}]}}