{"id":1710,"date":"2024-11-15T16:03:53","date_gmt":"2024-11-15T16:03:53","guid":{"rendered":"https:\/\/florafinearts.com\/?page_id=1710"},"modified":"2024-11-15T16:23:52","modified_gmt":"2024-11-15T16:23:52","slug":"collections","status":"publish","type":"page","link":"https:\/\/florafinearts.com\/vi\/collections\/","title":{"rendered":"B\u1ed9 s\u01b0u t\u1eadp"},"content":{"rendered":"<p>\u0110\u00e2y l\u00e0 n\u01a1i t\u00f4i s\u1ebd chia s\u1ebb nh\u1eefng b\u1ed9 s\u01b0u t\u1eadp v\u00e0 c\u00e1c Series tranh t\u00f4i \u0111ang ti\u1ebfp t\u1ee5c v\u1ebd v\u00e0 ch\u01b0a m\u1edf b\u00e1n.<\/p>\n\n\n\n<p>Hi\u1ec7n t\u1ea1i, t\u00f4i \u0111ang v\u1ebd c\u00e1c Series sau, b\u1ea1n c\u00f3 th\u1ec3 click v\u00e0o t\u00ean t\u1eebng Series \u0111\u1ec3 xem chi ti\u1ebft:<\/p>\n\n\n\n<div class=\"wp-block-columns is-layout-flex wp-container-core-columns-is-layout-9d6595d7 wp-block-columns-is-layout-flex\">\n<div class=\"wp-block-column is-layout-flow wp-block-column-is-layout-flow\" style=\"flex-basis:40%\">\n<p class=\"has-text-align-center\"><strong>\u0110\u00e0 L\u1ea1t Trong M\u01a1 (Dreamy Da Lat)<\/strong><br><img decoding=\"async\" src=\"https:\/\/florafinearts.com\/wp-content\/uploads\/2024\/10\/IMG_4185-1024x678.jpg\" alt=\"Painting of a sunlit room with a blue armchair, surrounded by plants and flowers, overlooking a green landscape through large windows.\"><\/p>\n\n\n\n<p class=\"has-text-align-center\"><strong>Nirvana (Ni\u1ebft B\u00e0n)<\/strong><br><img decoding=\"async\" src=\"https:\/\/florafinearts.com\/wp-content\/uploads\/2017\/09\/IMG_3758-768x1024.jpg\" alt=\"\"><\/p>\n<\/div>\n\n\n\n<div class=\"wp-block-column is-layout-flow wp-block-column-is-layout-flow\" style=\"flex-basis:40%\">\n<p class=\"has-text-align-center\"><strong>Th\u1ea1ch L\u1ef1u M\u1ed9c (Rocky Tree)<\/strong><br><img decoding=\"async\" src=\"https:\/\/florafinearts.com\/wp-content\/uploads\/2024\/11\/IMG_4038-1024x673.jpg\" alt=\"\"><\/p>\n\n\n\n<p class=\"has-text-align-center\"><strong>Hoa Alexis<\/strong> (kh\u00f4ng c\u00f3 t\u00ean ti\u1ebfng Vi\u1ec7t)<br><em>(\u0111ang c\u1eadp nh\u1eadt)<\/em><\/p>\n<\/div>\n<\/div>\n\n\n\n<p><\/p>","protected":false},"excerpt":{"rendered":"<p>\u0110\u00e2y l\u00e0 n\u01a1i t\u00f4i s\u1ebd chia s\u1ebb nh\u1eefng b\u1ed9 s\u01b0u t\u1eadp v\u00e0 c\u00e1c Series tranh t\u00f4i \u0111ang ti\u1ebfp t\u1ee5c v\u1ebd v\u00e0 ch\u01b0a m\u1edf b\u00e1n. Hi\u1ec7n t\u1ea1i, t\u00f4i \u0111ang v\u1ebd c\u00e1c Series sau, b\u1ea1n c\u00f3 th\u1ec3 click v\u00e0o t\u00ean t\u1eebng Series \u0111\u1ec3 xem chi ti\u1ebft: \u0110\u00e0 L\u1ea1t Trong M\u01a1 (Dreamy Da Lat) Nirvana (Ni\u1ebft B\u00e0n) Th\u1ea1ch L\u1ef1u M\u1ed9c (Rocky Tree) Alexis [&hellip;]<\/p>\n","protected":false},"author":2,"featured_media":0,"parent":0,"menu_order":0,"comment_status":"closed","ping_status":"closed","template":"","meta":{"jetpack_post_was_ever_published":false,"footnotes":""},"class_list":["post-1710","page","type-page","status-publish","hentry"],"jetpack_sharing_enabled":true,"_links":{"self":[{"href":"https:\/\/florafinearts.com\/vi\/wp-json\/wp\/v2\/pages\/1710","targetHints":{"allow":["GET"]}}],"collection":[{"href":"https:\/\/florafinearts.com\/vi\/wp-json\/wp\/v2\/pages"}],"about":[{"href":"https:\/\/florafinearts.com\/vi\/wp-json\/wp\/v2\/types\/page"}],"author":[{"embeddable":true,"href":"https:\/\/florafinearts.com\/vi\/wp-json\/wp\/v2\/users\/2"}],"replies":[{"embeddable":true,"href":"https:\/\/florafinearts.com\/vi\/wp-json\/wp\/v2\/comments?post=1710"}],"version-history":[{"count":4,"href":"https:\/\/florafinearts.com\/vi\/wp-json\/wp\/v2\/pages\/1710\/revisions"}],"predecessor-version":[{"id":1717,"href":"https:\/\/florafinearts.com\/vi\/wp-json\/wp\/v2\/pages\/1710\/revisions\/1717"}],"wp:attachment":[{"href":"https:\/\/florafinearts.com\/vi\/wp-json\/wp\/v2\/media?parent=1710"}],"curies":[{"name":"wp","href":"https:\/\/api.w.org\/{rel}","templated":true}]}}