{"id":1565,"date":"2024-10-17T02:10:16","date_gmt":"2024-10-17T02:10:16","guid":{"rendered":"https:\/\/florafinearts.com\/newsletter\/"},"modified":"2024-10-17T02:20:22","modified_gmt":"2024-10-17T02:20:22","slug":"newsletter","status":"publish","type":"page","link":"https:\/\/florafinearts.com\/vi\/newsletter\/","title":{"rendered":"Newsletter"},"content":{"rendered":"<p>\u0110\u0103ng k\u00fd nh\u1eadn b\u1ea3n tin c\u1ee7a t\u00f4i \u0111\u1ec3:<\/p>\n<ul class=\"wp-block-list\">\n<li>Nh\u1eadn quy\u1ec1n truy c\u1eadp s\u1edbm v\u00e0o c\u00e1c \u1ea5n ph\u1ea9m m\u1edbi v\u00e0 \u01b0u \u0111\u00e3i \u0111\u1ed9c quy\u1ec1n<\/li>\n<li>C\u1eadp nh\u1eadt nh\u1eefng ki\u1ebfn th\u1ee9c v\u1ec1 ngh\u1ec7 thu\u1eadt, marketing v\u00e0 ph\u00e1t tri\u1ec3n b\u1ea3n th\u00e2n<\/li>\n<li>Theo d\u00f5i nh\u1eefng d\u1ef1 \u00e1n m\u1edbi v\u00e0 chuy\u1ec7n b\u1ebfp n\u00fac h\u1eadu tr\u01b0\u1eddng<\/li>\n<\/ul>\n<p>Join the journey \u2013 let\u2019s grow, create, and explore together!<\/p>\n<p style=\"text-align: left;\"><div class=\"tnp tnp-subscription\">\n<form method=\"post\" action=\"https:\/\/florafinearts.com\/wp-admin\/admin-ajax.php?action=tnp&amp;na=s\">\n<input type=\"hidden\" name=\"nlang\" value=\"\">\n<div class=\"tnp-field tnp-field-firstname\"><label for=\"tnp-1\">First name<\/label>\n<input class=\"tnp-name\" type=\"text\" name=\"nn\" id=\"tnp-1\" value=\"\" placeholder=\"\"><\/div>\n<div class=\"tnp-field tnp-field-email\"><label for=\"tnp-2\">Email<\/label>\n<input class=\"tnp-email\" type=\"email\" name=\"ne\" id=\"tnp-2\" value=\"\" placeholder=\"\" required><\/div>\n<div class=\"tnp-field tnp-field-button\" style=\"text-align: left\"><input class=\"tnp-submit\" type=\"submit\" value=\"Subscribe\" style=\"\">\n<\/div>\n<\/form>\n<\/div>","protected":false},"excerpt":{"rendered":"<p>Sign up for my newsletter to receive: Early access to new releases and exclusive offers Insights on art, marketing, and personal growth Behind-the-scenes updates and upcoming projects Join the journey \u2013 let\u2019s grow, create, and explore together!<\/p>","protected":false},"author":3,"featured_media":0,"parent":0,"menu_order":0,"comment_status":"closed","ping_status":"closed","template":"","meta":{"jetpack_post_was_ever_published":false,"footnotes":""},"class_list":["post-1565","page","type-page","status-publish","hentry"],"jetpack_sharing_enabled":true,"_links":{"self":[{"href":"https:\/\/florafinearts.com\/vi\/wp-json\/wp\/v2\/pages\/1565","targetHints":{"allow":["GET"]}}],"collection":[{"href":"https:\/\/florafinearts.com\/vi\/wp-json\/wp\/v2\/pages"}],"about":[{"href":"https:\/\/florafinearts.com\/vi\/wp-json\/wp\/v2\/types\/page"}],"author":[{"embeddable":true,"href":"https:\/\/florafinearts.com\/vi\/wp-json\/wp\/v2\/users\/3"}],"replies":[{"embeddable":true,"href":"https:\/\/florafinearts.com\/vi\/wp-json\/wp\/v2\/comments?post=1565"}],"version-history":[{"count":2,"href":"https:\/\/florafinearts.com\/vi\/wp-json\/wp\/v2\/pages\/1565\/revisions"}],"predecessor-version":[{"id":1567,"href":"https:\/\/florafinearts.com\/vi\/wp-json\/wp\/v2\/pages\/1565\/revisions\/1567"}],"wp:attachment":[{"href":"https:\/\/florafinearts.com\/vi\/wp-json\/wp\/v2\/media?parent=1565"}],"curies":[{"name":"wp","href":"https:\/\/api.w.org\/{rel}","templated":true}]}}