{"id":1556,"date":"2024-10-16T10:13:29","date_gmt":"2024-10-16T10:13:29","guid":{"rendered":"https:\/\/florafinearts.com\/?page_id=1556"},"modified":"2024-10-16T10:13:32","modified_gmt":"2024-10-16T10:13:32","slug":"subscribe-to-stay-connected","status":"publish","type":"page","link":"https:\/\/florafinearts.com\/vi\/subscribe-to-stay-connected\/","title":{"rendered":"\u0110\u0103ng k\u00fd nh\u1eadn b\u1ea3n tin"},"content":{"rendered":"<p>\u0110\u0103ng k\u00fd nh\u1eadn b\u1ea3n tin c\u1ee7a t\u00f4i \u0111\u1ec3:<\/p>\n\n\n\n<ul class=\"wp-block-list\">\n<li>Nh\u1eadn quy\u1ec1n truy c\u1eadp s\u1edbm v\u00e0o c\u00e1c \u1ea5n ph\u1ea9m m\u1edbi v\u00e0 \u01b0u \u0111\u00e3i \u0111\u1ed9c quy\u1ec1n<\/li>\n\n\n\n<li>C\u1eadp nh\u1eadt nh\u1eefng ki\u1ebfn th\u1ee9c v\u1ec1 ngh\u1ec7 thu\u1eadt, marketing v\u00e0 ph\u00e1t tri\u1ec3n b\u1ea3n th\u00e2n<\/li>\n\n\n\n<li>Theo d\u00f5i nh\u1eefng d\u1ef1 \u00e1n m\u1edbi v\u00e0 chuy\u1ec7n b\u1ebfp n\u00fac h\u1eadu tr\u01b0\u1eddng<\/li>\n<\/ul>\n\n\n\n<p>H\u00e3y c\u00f9ng nhau \u0111\u1ed3ng h\u00e0nh \u2013 ph\u00e1t tri\u1ec3n, s\u00e1ng t\u1ea1o v\u00e0 kh\u00e1m ph\u00e1 th\u1ebf gi\u1edbi!<\/p>","protected":false},"excerpt":{"rendered":"<p>Sign up for my newsletter to receive: Join the journey \u2013 let&#8217;s grow, create, and explore together!<\/p>","protected":false},"author":2,"featured_media":0,"parent":0,"menu_order":0,"comment_status":"closed","ping_status":"closed","template":"","meta":{"jetpack_post_was_ever_published":false,"footnotes":""},"class_list":["post-1556","page","type-page","status-publish","hentry"],"jetpack_sharing_enabled":true,"_links":{"self":[{"href":"https:\/\/florafinearts.com\/vi\/wp-json\/wp\/v2\/pages\/1556","targetHints":{"allow":["GET"]}}],"collection":[{"href":"https:\/\/florafinearts.com\/vi\/wp-json\/wp\/v2\/pages"}],"about":[{"href":"https:\/\/florafinearts.com\/vi\/wp-json\/wp\/v2\/types\/page"}],"author":[{"embeddable":true,"href":"https:\/\/florafinearts.com\/vi\/wp-json\/wp\/v2\/users\/2"}],"replies":[{"embeddable":true,"href":"https:\/\/florafinearts.com\/vi\/wp-json\/wp\/v2\/comments?post=1556"}],"version-history":[{"count":1,"href":"https:\/\/florafinearts.com\/vi\/wp-json\/wp\/v2\/pages\/1556\/revisions"}],"predecessor-version":[{"id":1557,"href":"https:\/\/florafinearts.com\/vi\/wp-json\/wp\/v2\/pages\/1556\/revisions\/1557"}],"wp:attachment":[{"href":"https:\/\/florafinearts.com\/vi\/wp-json\/wp\/v2\/media?parent=1556"}],"curies":[{"name":"wp","href":"https:\/\/api.w.org\/{rel}","templated":true}]}}