{"id":1455,"date":"2024-10-14T07:00:50","date_gmt":"2024-10-14T07:00:50","guid":{"rendered":"https:\/\/florafinearts.com\/?page_id=1455"},"modified":"2024-10-14T11:56:36","modified_gmt":"2024-10-14T11:56:36","slug":"terms-of-use","status":"publish","type":"page","link":"https:\/\/florafinearts.com\/vi\/terms-of-use\/","title":{"rendered":"\u0110i\u1ec1u kho\u1ea3n s\u1eed d\u1ee5ng"},"content":{"rendered":"<p><strong>\u0110i\u1ec1u Kho\u1ea3n S\u1eed D\u1ee5ng c\u1ee7a Flora Do Fine Arts<\/strong><\/p>\n\n\n\n<p>C\u00e1c \u0110i\u1ec1u Kho\u1ea3n S\u1eed D\u1ee5ng n\u00e0y \u0111i\u1ec1u ch\u1ec9nh vi\u1ec7c b\u1ea1n truy c\u1eadp v\u00e0 s\u1eed d\u1ee5ng trang web Flora Do Fine Arts. B\u1eb1ng vi\u1ec7c s\u1eed d\u1ee5ng trang web c\u1ee7a ch\u00fang t\u00f4i, b\u1ea1n \u0111\u1ed3ng \u00fd v\u1edbi c\u00e1c \u0111i\u1ec1u kho\u1ea3n n\u00e0y.<\/p>\n\n\n\n<h4 class=\"wp-block-heading\"><strong>1. S\u1eec D\u1ee4NG TRANG WEB<\/strong><\/h4>\n\n\n\n<p>B\u1ea1n \u0111\u01b0\u1ee3c c\u1ea5p quy\u1ec1n h\u1ea1n ch\u1ebf \u0111\u1ec3 truy c\u1eadp v\u00e0 s\u1eed d\u1ee5ng trang web n\u00e0y cho m\u1ee5c \u0111\u00edch c\u00e1 nh\u00e2n. B\u1ea1n kh\u00f4ng \u0111\u01b0\u1ee3c t\u1ea3i xu\u1ed1ng, ch\u1ec9nh s\u1eeda, ho\u1eb7c s\u1eed d\u1ee5ng b\u1ea5t k\u1ef3 ph\u1ea7n n\u00e0o c\u1ee7a trang web cho m\u1ee5c \u0111\u00edch th\u01b0\u01a1ng m\u1ea1i m\u00e0 kh\u00f4ng c\u00f3 s\u1ef1 \u0111\u1ed3ng \u00fd b\u1eb1ng v\u0103n b\u1ea3n tr\u01b0\u1edbc.<\/p>\n\n\n\n<h4 class=\"wp-block-heading\"><strong>2. N\u1ed8I DUNG DO NG\u01af\u1edcI D\u00d9NG T\u1ea0O RA<\/strong><\/h4>\n\n\n\n<p>N\u1ebfu b\u1ea1n \u0111\u0103ng t\u1ea3i n\u1ed9i dung ho\u1eb7c g\u1eedi t\u00e0i li\u1ec7u (nh\u01b0 b\u00ecnh lu\u1eadn ho\u1eb7c \u0111\u00e1nh gi\u00e1), b\u1ea1n \u0111\u1ed3ng \u00fd r\u1eb1ng:<\/p>\n\n\n\n<ul class=\"wp-block-list\">\n<li>B\u1ea1n l\u00e0 ch\u1ee7 s\u1edf h\u1eefu duy nh\u1ea5t c\u1ee7a n\u1ed9i dung b\u1ea1n g\u1eedi.<\/li>\n\n\n\n<li>N\u1ed9i dung c\u1ee7a b\u1ea1n kh\u00f4ng vi ph\u1ea1m ph\u00e1p lu\u1eadt, kh\u00f4ng g\u00e2y h\u1ea1i ho\u1eb7c kh\u00f4ng ph\u00f9 h\u1ee3p.<\/li>\n<\/ul>\n\n\n\n<p>Flora Do Fine Arts c\u00f3 quy\u1ec1n lo\u1ea1i b\u1ecf b\u1ea5t k\u1ef3 n\u1ed9i dung n\u00e0o \u0111\u01b0\u1ee3c cho l\u00e0 kh\u00f4ng ph\u00f9 h\u1ee3p ho\u1eb7c vi ph\u1ea1m c\u00e1c \u0111i\u1ec1u kho\u1ea3n n\u00e0y.<\/p>\n\n\n\n<h4 class=\"wp-block-heading\"><strong>3. T\u00c0I KHO\u1ea2N V\u00c0 B\u1ea2O M\u1eacT<\/strong><\/h4>\n\n\n\n<p>Khi b\u1ea1n t\u1ea1o t\u00e0i kho\u1ea3n v\u1edbi ch\u00fang t\u00f4i, b\u1ea1n ch\u1ecbu tr\u00e1ch nhi\u1ec7m b\u1ea3o m\u1eadt th\u00f4ng tin t\u00e0i kho\u1ea3n c\u1ee7a m\u00ecnh. B\u1ea1n \u0111\u1ed3ng \u00fd th\u00f4ng b\u00e1o ngay cho ch\u00fang t\u00f4i n\u1ebfu ph\u00e1t hi\u1ec7n b\u1ea5t k\u1ef3 vi\u1ec7c s\u1eed d\u1ee5ng tr\u00e1i ph\u00e9p n\u00e0o c\u1ee7a t\u00e0i kho\u1ea3n c\u1ee7a b\u1ea1n.<\/p>\n\n\n\n<h4 class=\"wp-block-heading\"><strong>4. LI\u00caN K\u1ebeT \u0110\u1ebeN TRANG WEB B\u00caN TH\u1ee8 BA<\/strong><\/h4>\n\n\n\n<p>Trang web n\u00e0y c\u00f3 th\u1ec3 ch\u1ee9a c\u00e1c li\u00ean k\u1ebft \u0111\u1ebfn c\u00e1c trang web b\u00ean ngo\u00e0i. C\u00e1c li\u00ean k\u1ebft n\u00e0y \u0111\u01b0\u1ee3c cung c\u1ea5p \u0111\u1ec3 thu\u1eadn ti\u1ec7n cho b\u1ea1n, nh\u01b0ng Flora Do Fine Arts kh\u00f4ng ch\u1ecbu tr\u00e1ch nhi\u1ec7m v\u1ec1 n\u1ed9i dung ho\u1eb7c ho\u1ea1t \u0111\u1ed9ng c\u1ee7a c\u00e1c trang web b\u00ean th\u1ee9 ba n\u00e0y.<\/p>\n\n\n\n<h4 class=\"wp-block-heading\"><strong>5. MI\u1ec4N TR\u1eea TR\u00c1CH NHI\u1ec6M<\/strong><\/h4>\n\n\n\n<p>Trang web n\u00e0y v\u00e0 n\u1ed9i dung c\u1ee7a n\u00f3 \u0111\u01b0\u1ee3c cung c\u1ea5p \u201cnh\u01b0 hi\u1ec7n tr\u1ea1ng hi\u1ec7n c\u00f3\u201d m\u00e0 kh\u00f4ng c\u00f3 b\u1ea5t k\u1ef3 \u0111\u1ea3m b\u1ea3o n\u00e0o. Flora Do Fine Arts kh\u00f4ng \u0111\u1ea3m b\u1ea3o r\u1eb1ng trang web s\u1ebd kh\u00f4ng c\u00f3 l\u1ed7i ho\u1eb7c gi\u00e1n \u0111o\u1ea1n.<\/p>\n\n\n\n<h4 class=\"wp-block-heading\"><strong>6. CH\u1ea4M D\u1ee8T S\u1eec D\u1ee4NG<\/strong><\/h4>\n\n\n\n<p>Flora Do Fine Arts c\u00f3 quy\u1ec1n \u0111\u00ecnh ch\u1ec9 ho\u1eb7c ch\u1ea5m d\u1ee9t quy\u1ec1n truy c\u1eadp c\u1ee7a b\u1ea1n v\u00e0o trang web b\u1ea5t k\u1ef3 l\u00fac n\u00e0o n\u1ebfu b\u1ea1n vi ph\u1ea1m c\u00e1c \u0110i\u1ec1u Kho\u1ea3n S\u1eed D\u1ee5ng n\u00e0y.<\/p>\n\n\n\n<h4 class=\"wp-block-heading\"><strong>7. GI\u1edaI H\u1ea0N TR\u00c1CH NHI\u1ec6M<\/strong><\/h4>\n\n\n\n<p>Trong m\u1ecdi tr\u01b0\u1eddng h\u1ee3p, Flora Do Fine Arts s\u1ebd kh\u00f4ng ch\u1ecbu tr\u00e1ch nhi\u1ec7m \u0111\u1ed1i v\u1edbi b\u1ea5t k\u1ef3 thi\u1ec7t h\u1ea1i n\u00e0o ph\u00e1t sinh t\u1eeb vi\u1ec7c b\u1ea1n s\u1eed d\u1ee5ng ho\u1eb7c kh\u00f4ng th\u1ec3 s\u1eed d\u1ee5ng trang web, bao g\u1ed3m c\u1ea3 l\u1ee3i nhu\u1eadn ho\u1eb7c d\u1eef li\u1ec7u b\u1ecb m\u1ea5t.<\/p>\n\n\n\n<h4 class=\"wp-block-heading\"><strong>8. LU\u1eacT PH\u00c1P \u0110I\u1ec0U CH\u1ec8NH<\/strong><\/h4>\n\n\n\n<p>C\u00e1c \u0110i\u1ec1u Kho\u1ea3n S\u1eed D\u1ee5ng n\u00e0y \u0111\u01b0\u1ee3c \u0111i\u1ec1u ch\u1ec9nh b\u1edfi ph\u00e1p lu\u1eadt Vi\u1ec7t Nam, v\u00e0 m\u1ecdi tranh ch\u1ea5p s\u1ebd \u0111\u01b0\u1ee3c gi\u1ea3i quy\u1ebft t\u1ea1i t\u00f2a \u00e1n TP. H\u1ed3 Ch\u00ed Minh.<\/p>\n\n\n\n<p><strong>Li\u00ean h\u1ec7 v\u1edbi ch\u00fang t\u00f4i<\/strong>\u00a0N\u1ebfu b\u1ea1n c\u00f3 b\u1ea5t k\u1ef3 c\u00e2u h\u1ecfi n\u00e0o v\u1ec1 c\u00e1c \u0110i\u1ec1u Kho\u1ea3n S\u1eed D\u1ee5ng n\u00e0y, vui l\u00f2ng li\u00ean h\u1ec7 ch\u00fang t\u00f4i t\u1ea1i <a href=\"mailto:flora.do.arts@gmail.com\"><strong>flora.do.arts@gmail.com<\/strong><\/a>.<\/p>\n\n\n\n<p><\/p>","protected":false},"excerpt":{"rendered":"<p>Flora Do Fine Arts Terms of Use These Terms of Use govern your access to and use of the Flora Do Fine Arts website. By using our website, you agree to these terms. 1. Use of Website You are granted limited permission to access and make personal use of this site. You are not allowed to download, modify, or use [&hellip;]<\/p>\n","protected":false},"author":2,"featured_media":0,"parent":0,"menu_order":0,"comment_status":"closed","ping_status":"closed","template":"","meta":{"jetpack_post_was_ever_published":false,"footnotes":""},"class_list":["post-1455","page","type-page","status-publish","hentry"],"jetpack_sharing_enabled":true,"_links":{"self":[{"href":"https:\/\/florafinearts.com\/vi\/wp-json\/wp\/v2\/pages\/1455","targetHints":{"allow":["GET"]}}],"collection":[{"href":"https:\/\/florafinearts.com\/vi\/wp-json\/wp\/v2\/pages"}],"about":[{"href":"https:\/\/florafinearts.com\/vi\/wp-json\/wp\/v2\/types\/page"}],"author":[{"embeddable":true,"href":"https:\/\/florafinearts.com\/vi\/wp-json\/wp\/v2\/users\/2"}],"replies":[{"embeddable":true,"href":"https:\/\/florafinearts.com\/vi\/wp-json\/wp\/v2\/comments?post=1455"}],"version-history":[{"count":2,"href":"https:\/\/florafinearts.com\/vi\/wp-json\/wp\/v2\/pages\/1455\/revisions"}],"predecessor-version":[{"id":1483,"href":"https:\/\/florafinearts.com\/vi\/wp-json\/wp\/v2\/pages\/1455\/revisions\/1483"}],"wp:attachment":[{"href":"https:\/\/florafinearts.com\/vi\/wp-json\/wp\/v2\/media?parent=1455"}],"curies":[{"name":"wp","href":"https:\/\/api.w.org\/{rel}","templated":true}]}}