{"id":1453,"date":"2024-10-14T06:57:54","date_gmt":"2024-10-14T06:57:54","guid":{"rendered":"https:\/\/florafinearts.com\/?page_id=1453"},"modified":"2024-10-14T11:43:11","modified_gmt":"2024-10-14T11:43:11","slug":"privacy-policy-cookies","status":"publish","type":"page","link":"https:\/\/florafinearts.com\/vi\/privacy-policy-cookies\/","title":{"rendered":"Ch\u00ednh s\u00e1ch quy\u1ec1n ri\u00eang t\u01b0 &amp; Cookies"},"content":{"rendered":"<p><strong>Ch\u00ednh s\u00e1ch b\u1ea3o m\u1eadt c\u1ee7a Flora Do Fine Arts<\/strong><\/p>\n\n\n\n<p>Ch\u00fang t\u00f4i coi tr\u1ecdng quy\u1ec1n ri\u00eang t\u01b0 c\u1ee7a b\u1ea1n v\u00e0 cam k\u1ebft b\u1ea3o v\u1ec7 d\u1eef li\u1ec7u c\u00e1 nh\u00e2n c\u1ee7a b\u1ea1n. Ch\u00ednh s\u00e1ch b\u1ea3o m\u1eadt n\u00e0y n\u00eau r\u00f5 c\u00e1ch ch\u00fang t\u00f4i thu th\u1eadp, s\u1eed d\u1ee5ng v\u00e0 l\u01b0u tr\u1eef th\u00f4ng tin c\u1ee7a b\u1ea1n.<\/p>\n\n\n\n<h4 class=\"wp-block-heading\"><strong>1. TH\u00d4NG TIN CH\u00daNG T\u00d4I THU TH\u1eacP<\/strong><\/h4>\n\n\n\n<p>Ch\u00fang t\u00f4i thu th\u1eadp th\u00f4ng tin c\u00e1 nh\u00e2n m\u00e0 b\u1ea1n cung c\u1ea5p khi:<\/p>\n\n\n\n<ul class=\"wp-block-list\">\n<li>\u0110\u0103ng k\u00fd nh\u1eadn b\u1ea3n tin ho\u1eb7c mua h\u00e0ng.<\/li>\n\n\n\n<li>Li\u00ean h\u1ec7 v\u1edbi ch\u00fang t\u00f4i th\u00f4ng qua trang web.<\/li>\n<\/ul>\n\n\n\n<p>Th\u00f4ng tin c\u00f3 th\u1ec3 bao g\u1ed3m t\u00ean, \u0111\u1ecba ch\u1ec9 email, th\u00f4ng tin giao h\u00e0ng v\u00e0 chi ti\u1ebft thanh to\u00e1n c\u1ee7a b\u1ea1n.<\/p>\n\n\n\n<h4 class=\"wp-block-heading\"><strong>2. C\u00c1CH CH\u00daNG T\u00d4I S\u1eec D\u1ee4NG TH\u00d4NG TIN C\u1ee6A B\u1ea0N<\/strong><\/h4>\n\n\n\n<p>Ch\u00fang t\u00f4i s\u1eed d\u1ee5ng th\u00f4ng tin c\u00e1 nh\u00e2n c\u1ee7a b\u1ea1n \u0111\u1ec3:<\/p>\n\n\n\n<ul class=\"wp-block-list\">\n<li>X\u1eed l\u00fd v\u00e0 ho\u00e0n t\u1ea5t \u0111\u01a1n h\u00e0ng.<\/li>\n\n\n\n<li>G\u1eedi email qu\u1ea3ng c\u00e1o v\u00e0 c\u1eadp nh\u1eadt, ch\u1ec9 khi b\u1ea1n \u0111\u00e3 \u0111\u0103ng k\u00fd nh\u1eadn.<\/li>\n\n\n\n<li>C\u1ea3i thi\u1ec7n d\u1ecbch v\u1ee5 v\u00e0 trang web c\u1ee7a ch\u00fang t\u00f4i.<\/li>\n<\/ul>\n\n\n\n<h4 class=\"wp-block-heading\"><strong>3. CHIA S\u1eba D\u1eee LI\u1ec6U<\/strong><\/h4>\n\n\n\n<p>Ch\u00fang t\u00f4i kh\u00f4ng b\u00e1n, trao \u0111\u1ed5i ho\u1eb7c cho thu\u00ea th\u00f4ng tin c\u00e1 nh\u00e2n c\u1ee7a b\u1ea1n cho ng\u01b0\u1eddi kh\u00e1c. Tuy nhi\u00ean, ch\u00fang t\u00f4i c\u00f3 th\u1ec3 chia s\u1ebb d\u1eef li\u1ec7u c\u1ee7a b\u1ea1n v\u1edbi c\u00e1c nh\u00e0 cung c\u1ea5p d\u1ecbch v\u1ee5 b\u00ean th\u1ee9 ba \u0111\u00e1ng tin c\u1eady \u0111\u1ec3 h\u1ed7 tr\u1ee3 c\u00e1c ho\u1ea1t \u0111\u1ed9ng (ch\u1eb3ng h\u1ea1n nh\u01b0 c\u00e1c nh\u00e0 cung c\u1ea5p d\u1ecbch v\u1ee5 thanh to\u00e1n).<\/p>\n\n\n\n<h4 class=\"wp-block-heading\"><strong>4. B\u1ea2O M\u1eacT D\u1eee LI\u1ec6U<\/strong><\/h4>\n\n\n\n<p>Ch\u00fang t\u00f4i th\u1ef1c hi\u1ec7n c\u00e1c bi\u1ec7n ph\u00e1p b\u1ea3o m\u1eadt ph\u00f9 h\u1ee3p \u0111\u1ec3 b\u1ea3o v\u1ec7 th\u00f4ng tin c\u00e1 nh\u00e2n c\u1ee7a b\u1ea1n. M\u1eb7c d\u00f9 ch\u00fang t\u00f4i n\u1ed7 l\u1ef1c gi\u1eef cho d\u1eef li\u1ec7u c\u1ee7a b\u1ea1n an to\u00e0n nh\u1ea5t c\u00f3 th\u1ec3, nh\u01b0ng kh\u00f4ng c\u00f3 ph\u01b0\u01a1ng ph\u00e1p truy\u1ec1n t\u1ea3i qua internet n\u00e0o ho\u00e0n to\u00e0n b\u1ea3o m\u1eadt, v\u00e0 ch\u00fang t\u00f4i kh\u00f4ng th\u1ec3 \u0111\u1ea3m b\u1ea3o an ninh tuy\u1ec7t \u0111\u1ed1i.<\/p>\n\n\n\n<h4 class=\"wp-block-heading\"><strong>5. COOKIE<\/strong><\/h4>\n\n\n\n<p>Trang web c\u1ee7a ch\u00fang t\u00f4i s\u1eed d\u1ee5ng cookie \u0111\u1ec3 c\u1ea3i thi\u1ec7n tr\u1ea3i nghi\u1ec7m ng\u01b0\u1eddi d\u00f9ng. Cookie l\u00e0 c\u00e1c t\u1ec7p v\u0103n b\u1ea3n nh\u1ecf \u0111\u01b0\u1ee3c l\u01b0u tr\u1eef tr\u00ean tr\u00ecnh duy\u1ec7t c\u1ee7a b\u1ea1n. Ch\u00fang gi\u00fap ch\u00fang t\u00f4i hi\u1ec3u l\u01b0u l\u01b0\u1ee3ng truy c\u1eadp trang web v\u00e0 cung c\u1ea5p n\u1ed9i dung c\u00e1 nh\u00e2n h\u00f3a.<\/p>\n\n\n\n<p>B\u1ea1n c\u00f3 th\u1ec3 qu\u1ea3n l\u00fd cookie th\u00f4ng qua c\u00e0i \u0111\u1eb7t tr\u00ecnh duy\u1ec7t c\u1ee7a m\u00ecnh. Vi\u1ec7c v\u00f4 hi\u1ec7u h\u00f3a cookie c\u00f3 th\u1ec3 \u1ea3nh h\u01b0\u1edfng \u0111\u1ebfn tr\u1ea3i nghi\u1ec7m c\u1ee7a b\u1ea1n tr\u00ean trang web.<\/p>\n\n\n\n<h4 class=\"wp-block-heading\"><strong>6. QUY\u1ec0N C\u1ee6A B\u1ea0N<\/strong><\/h4>\n\n\n\n<p>B\u1ea1n c\u00f3 quy\u1ec1n:<\/p>\n\n\n\n<ul class=\"wp-block-list\">\n<li>Truy c\u1eadp d\u1eef li\u1ec7u c\u00e1 nh\u00e2n m\u00e0 ch\u00fang t\u00f4i l\u01b0u tr\u1eef v\u1ec1 b\u1ea1n.<\/li>\n\n\n\n<li>Y\u00eau c\u1ea7u ch\u1ec9nh s\u1eeda th\u00f4ng tin c\u1ee7a b\u1ea1n.<\/li>\n\n\n\n<li>R\u00fat l\u1ea1i s\u1ef1 \u0111\u1ed3ng \u00fd cho ch\u00fang t\u00f4i s\u1eed d\u1ee5ng d\u1eef li\u1ec7u c\u1ee7a b\u1ea1n cho m\u1ee5c \u0111\u00edch ti\u1ebfp th\u1ecb b\u1ea5t c\u1ee9 l\u00fac n\u00e0o.<\/li>\n<\/ul>\n\n\n\n<h4 class=\"wp-block-heading\"><strong>7. THAY \u0110\u1ed4I CH\u00cdNH S\u00c1CH<\/strong><\/h4>\n\n\n\n<p>Ch\u00fang t\u00f4i c\u00f3 th\u1ec3 c\u1eadp nh\u1eadt Ch\u00ednh S\u00e1ch B\u1ea3o M\u1eadt n\u00e0y theo th\u1eddi gian. B\u1ea5t k\u1ef3 thay \u0111\u1ed5i n\u00e0o s\u1ebd \u0111\u01b0\u1ee3c \u0111\u0103ng tr\u00ean trang n\u00e0y.<\/p>\n\n\n\n<p><strong>Li\u00ean h\u1ec7 v\u1edbi ch\u00fang t\u00f4i<\/strong>\u00a0N\u1ebfu b\u1ea1n c\u00f3 b\u1ea5t k\u1ef3 c\u00e2u h\u1ecfi n\u00e0o v\u1ec1 Ch\u00ednh S\u00e1ch B\u1ea3o M\u1eadt n\u00e0y, vui l\u00f2ng li\u00ean h\u1ec7 ch\u00fang t\u00f4i t\u1ea1i <a href=\"mailto:flora.do.arts@gmail.com\"><strong>flora.do.arts@gmail.com<\/strong><\/a>.<\/p>\n\n\n\n<p><\/p>","protected":false},"excerpt":{"rendered":"<p>Flora Do Fine Arts Privacy Policy We value your privacy and are committed to protecting your personal data. This Privacy Policy outlines how we collect, use, and store your information. 1. Information We Collect We collect personal information that you provide when you: The information may include your name, email address, shipping information, and payment details. 2. How We Use [&hellip;]<\/p>\n","protected":false},"author":2,"featured_media":0,"parent":0,"menu_order":0,"comment_status":"closed","ping_status":"closed","template":"","meta":{"jetpack_post_was_ever_published":false,"footnotes":""},"class_list":["post-1453","page","type-page","status-publish","hentry"],"jetpack_sharing_enabled":true,"_links":{"self":[{"href":"https:\/\/florafinearts.com\/vi\/wp-json\/wp\/v2\/pages\/1453","targetHints":{"allow":["GET"]}}],"collection":[{"href":"https:\/\/florafinearts.com\/vi\/wp-json\/wp\/v2\/pages"}],"about":[{"href":"https:\/\/florafinearts.com\/vi\/wp-json\/wp\/v2\/types\/page"}],"author":[{"embeddable":true,"href":"https:\/\/florafinearts.com\/vi\/wp-json\/wp\/v2\/users\/2"}],"replies":[{"embeddable":true,"href":"https:\/\/florafinearts.com\/vi\/wp-json\/wp\/v2\/comments?post=1453"}],"version-history":[{"count":2,"href":"https:\/\/florafinearts.com\/vi\/wp-json\/wp\/v2\/pages\/1453\/revisions"}],"predecessor-version":[{"id":1482,"href":"https:\/\/florafinearts.com\/vi\/wp-json\/wp\/v2\/pages\/1453\/revisions\/1482"}],"wp:attachment":[{"href":"https:\/\/florafinearts.com\/vi\/wp-json\/wp\/v2\/media?parent=1453"}],"curies":[{"name":"wp","href":"https:\/\/api.w.org\/{rel}","templated":true}]}}