{"id":1451,"date":"2024-10-14T06:55:30","date_gmt":"2024-10-14T06:55:30","guid":{"rendered":"https:\/\/florafinearts.com\/?page_id=1451"},"modified":"2024-12-02T16:33:53","modified_gmt":"2024-12-02T16:33:53","slug":"terms-conditions","status":"publish","type":"page","link":"https:\/\/florafinearts.com\/vi\/terms-conditions\/","title":{"rendered":"\u0110i\u1ec1u kho\u1ea3n &amp; \u0110i\u1ec1u ki\u1ec7n"},"content":{"rendered":"<p>Ch\u00e0o m\u1eebng b\u1ea1n \u0111\u1ebfn v\u1edbi Flora Do Fine Arts! B\u1eb1ng c\u00e1ch truy c\u1eadp ho\u1eb7c s\u1eed d\u1ee5ng trang web c\u1ee7a ch\u00fang t\u00f4i v\u00e0 th\u00f4ng qua vi\u1ec7c mua h\u00e0ng t\u1eeb c\u1eeda h\u00e0ng tr\u1ef1c tuy\u1ebfn c\u1ee7a ch\u00fang t\u00f4i, b\u1ea1n \u0111\u1ed3ng \u00fd r\u00e0ng bu\u1ed9c b\u1edfi c\u00e1c \u0110i\u1ec1u kho\u1ea3n &amp; \u0110i\u1ec1u ki\u1ec7n d\u01b0\u1edbi \u0111\u00e2y. Vui l\u00f2ng \u0111\u1ecdc k\u1ef9 nh\u1eefng \u0111i\u1ec1u n\u00e0y tr\u01b0\u1edbc khi \u0111\u1eb7t h\u00e0ng.<\/p>\n\n\n\n<h3 class=\"wp-block-heading\"><strong>1. Quy\u1ec1n s\u1edf h\u1eefu n\u1ed9i dung<\/strong><\/h3>\n\n\n\n<p>1.1 T\u1ea5t c\u1ea3 n\u1ed9i dung, bao g\u1ed3m h\u00ecnh \u1ea3nh, v\u0103n b\u1ea3n v\u00e0 t\u00e1c ph\u1ea9m ngh\u1ec7 thu\u1eadt tr\u00ean trang web n\u00e0y l\u00e0 <strong>t\u00e0i s\u1ea3n \u0111\u1ed9c quy\u1ec1n c\u1ee7a Flora Do Fine Arts<\/strong>. B\u1ea1n kh\u00f4ng \u0111\u01b0\u1ee3c sao ch\u00e9p, ph\u00e2n ph\u1ed1i ho\u1eb7c s\u1eed d\u1ee5ng b\u1ea5t k\u1ef3 n\u1ed9i dung n\u00e0o m\u00e0 kh\u00f4ng c\u00f3 s\u1ef1 \u0111\u1ed3ng \u00fd tr\u01b0\u1edbc b\u1eb1ng v\u0103n b\u1ea3n.<br>1.2 Vi\u1ec7c mua c\u00e1c t\u00e1c ph\u1ea9m ngh\u1ec7 thu\u1eadt t\u1ea1i \u0111\u00e2y kh\u00f4ng \u0111\u1ed3ng ngh\u0129a v\u1edbi vi\u1ec7c chuy\u1ec3n giao b\u1ea5t k\u1ef3 quy\u1ec1n sao ch\u00e9p ho\u1eb7c s\u1eed d\u1ee5ng t\u00e0i s\u1ea3n tr\u00ed tu\u1ec7 n\u00e0o li\u00ean quan t\u1edbi t\u00e1c ph\u1ea9m v\u00e0 t\u00e1c gi\u1ea3.<\/p>\n\n\n\n<h3 class=\"wp-block-heading\"><strong>2. Mua h\u00e0ng v\u00e0 thanh to\u00e1n<\/strong><\/h3>\n\n\n\n<p>2.1 V\u1edbi vi\u1ec7c mua h\u00e0ng tr\u00ean trang web n\u00e0y, b\u1ea1n \u0111\u1ed3ng \u00fd cung c\u1ea5p th\u00f4ng tin thanh to\u00e1n ch\u00ednh x\u00e1c v\u00e0 \u0111\u1ed3ng \u00fd v\u1edbi ch\u00ednh s\u00e1ch gi\u00e1 c\u1ea3 v\u00e0 v\u1eadn chuy\u1ec3n c\u1ee7a ch\u00fang t\u00f4i.<br>2.2 Gi\u00e1: \u0110\u01a1n v\u1ecb ti\u1ec1n t\u1ec7 ch\u00ednh l\u00e0 USD v\u00e0 \u0111\u01b0\u1ee3c t\u1ef1 \u0111\u1ed9ng chuy\u1ec3n \u0111\u1ed5i sang c\u00e1c \u0111\u01a1n v\u1ecb ti\u1ec1n t\u1ec7 kh\u00e1c tu\u1ef3 theo qu\u1ed1c gia b\u1ea1n truy c\u1eadp. T\u1ef7 gi\u00e1 mang t\u00ednh tham kh\u1ea3o v\u00e0 c\u00f3 th\u1ec3 thay \u0111\u1ed5i kh\u00f4ng \u0111\u01b0\u1ee3c b\u00e1o tr\u01b0\u1edbc.<br>2.3 Thanh to\u00e1n: Ch\u00fang t\u00f4i hi\u1ec7n ch\u1ec9 ch\u1ea5p nh\u1eadn thanh to\u00e1n qua\u00a0<strong>Chuy\u1ec3n kho\u1ea3n tr\u1ef1c ti\u1ebfp qua ng\u00e2n h\u00e0ng<\/strong>\u00a0cho VN\u0110 v\u00e0 <strong>Paypal<\/strong> cho USD. Kho\u1ea3n ti\u1ec1n mua t\u00e1c ph\u1ea9m ph\u1ea3i \u0111\u01b0\u1ee3c thanh to\u00e1n \u0111\u1ea7y \u0111\u1ee7 tr\u01b0\u1edbc khi s\u1ea3n ph\u1ea9m \u0111\u01b0\u1ee3c v\u1eadn chuy\u1ec3n.<br>2.4 B\u1ea1n \u0111\u1ed3ng \u00fd chi tr\u1ea3 m\u1ecdi kho\u1ea3n ph\u00ed ng\u00e2n h\u00e0ng ho\u1eb7c ph\u00ed chuy\u1ec3n \u0111\u1ed5i ti\u1ec1n t\u1ec7 hi\u1ec7n h\u00e0nh (n\u1ebfu c\u00f3).<br>2.5 V\u1eadn chuy\u1ec3n: Chi ph\u00ed v\u1eadn chuy\u1ec3n v\u00e0 khung th\u1eddi gian giao h\u00e0ng s\u1ebd ph\u1ee5 thu\u1ed9c v\u00e0o tr\u1ecdng l\u01b0\u1ee3ng v\u00e0 \u0111\u1ecba ch\u1ec9 giao h\u00e0ng. Kh\u00e1ch h\u00e0ng qu\u1ed1c t\u1ebf ch\u1ecbu tr\u00e1ch nhi\u1ec7m thanh to\u00e1n m\u1ecdi kho\u1ea3n ph\u00ed h\u1ea3i quan, thu\u1ebf ho\u1eb7c ph\u00ed b\u1ed5 sung do qu\u1ed1c gia c\u1ee7a b\u1ea1n \u00e1p \u0111\u1eb7t.<br>2.6 \u0110\u01a1n h\u00e0ng s\u1ebd ch\u1ec9 \u0111\u01b0\u1ee3c chuy\u1ec3n \u0111i khi ch\u00fang t\u00f4i nh\u1eadn \u0111\u01b0\u1ee3c kho\u1ea3n thanh to\u00e1n \u0111\u1ea7y \u0111\u1ee7 trong t\u00e0i kho\u1ea3n c\u1ee7a m\u00ecnh.<\/p>\n\n\n\n<h3 class=\"wp-block-heading\"><strong>3. \u0110\u1eb7t h\u00e0ng v\u00e0 v\u1eadn chuy\u1ec3n<\/strong><\/h3>\n\n\n\n<p>3.1 \u0110\u01a1n h\u00e0ng \u0111\u01b0\u1ee3c x\u1eed l\u00fd v\u00e0 <strong>v\u1eadn chuy\u1ec3n trong v\u00f2ng 2-3 tu\u1ea7n<\/strong> k\u1ec3 t\u1eeb ng\u00e0y mua, tr\u1eeb khi c\u00f3 ghi ch\u00fa kh\u00e1c.<br>3.2 Ch\u00fang t\u00f4i cung c\u1ea5p d\u1ecbch v\u1ee5 v\u1eadn chuy\u1ec3n qu\u1ed1c t\u1ebf. Chi ph\u00ed v\u1eadn chuy\u1ec3n v\u00e0 th\u1eddi gian giao h\u00e0ng s\u1ebd ph\u1ee5 thu\u1ed9c v\u00e0o \u0111\u01a1n v\u1ecb v\u1eadn chuy\u1ec3n.<br>3.3 B\u1ea5t k\u1ef3 kho\u1ea3n thu\u1ebf h\u1ea3i quan, thu\u1ebf ho\u1eb7c kho\u1ea3n ph\u00ed b\u1ed5 sung n\u00e0o do qu\u1ed1c gia c\u1ee7a b\u1ea1n \u00e1p \u0111\u1eb7t \u0111\u1ec1u l\u00e0 tr\u00e1ch nhi\u1ec7m c\u1ee7a ng\u01b0\u1eddi mua.<br>3.4 Sau khi thanh to\u00e1n \u0111\u01b0\u1ee3c x\u00e1c nh\u1eadn, b\u1ea1n s\u1ebd nh\u1eadn \u0111\u01b0\u1ee3c x\u00e1c nh\u1eadn v\u1eadn chuy\u1ec3n k\u00e8m theo chi ti\u1ebft \u0111\u1ec3 theo d\u00f5i.<\/p>\n\n\n\n<h3 class=\"wp-block-heading\"><strong>4. Tr\u1ea3 l\u1ea1i v\u00e0 ho\u00e0n ti\u1ec1n<\/strong><\/h3>\n\n\n\n<p>4.1 T\u1ea5t c\u1ea3 c\u00e1c t\u00e1c ph\u1ea9m \u0111\u1ec1u l\u00e0 s\u1ea3n ph\u1ea9m ho\u00e0n thi\u1ec7n Tuy nhi\u00ean, n\u1ebfu b\u1ea1n nh\u1eadn \u0111\u01b0\u1ee3c m\u1ed9t s\u1ea3n ph\u1ea9m b\u1ecb h\u01b0 h\u1ecfng ho\u1eb7c b\u1ecb l\u1ed7i, vui l\u00f2ng li\u00ean h\u1ec7 v\u1edbi ch\u00fang t\u00f4i trong v\u00f2ng <strong>7 ng\u00e0y l\u00e0m vi\u1ec7c<\/strong> sau khi nh\u1eadn.<br>4.2 N\u1ebfu m\u1ed9t s\u1ea3n ph\u1ea9m n\u00e0o \u0111\u00f3 b\u1ecb h\u01b0 h\u1ecfng ho\u1eb7c b\u1ecb m\u1ea5t trong qu\u00e1 tr\u00ecnh v\u1eadn chuy\u1ec3n, ch\u00fang t\u00f4i s\u1ebd thay th\u1ebf s\u1ea3n ph\u1ea9m \u0111\u00f3 (n\u1ebfu c\u00f3) ho\u1eb7c ho\u00e0n l\u1ea1i ti\u1ec1n. Vi\u1ec7c ho\u00e0n ti\u1ec1n s\u1ebd \u0111\u01b0\u1ee3c x\u1eed l\u00fd trong v\u00f2ng 7 ng\u00e0y l\u00e0m vi\u1ec7c.<br>4.3 \u0110\u1ec3 \u0111\u1ee7 \u0111i\u1ec1u ki\u1ec7n \u0111\u01b0\u1ee3c tr\u1ea3 l\u1ea1i ho\u1eb7c ho\u00e0n ti\u1ec1n, m\u1eb7t h\u00e0ng ph\u1ea3i \u1edf trong t\u00ecnh tr\u1ea1ng v\u00e0 bao b\u00ec ban \u0111\u1ea7u.<\/p>\n\n\n\n<h3 class=\"wp-block-heading\"><strong>5. S\u00e1ng t\u00e1c theo y\u00eau c\u1ea7u<\/strong><\/h3>\n\n\n\n<p>5.1 C\u00e1c y\u00eau c\u1ea7u s\u00e1ng t\u00e1c theo \u0111\u01a1n \u0111\u1eb7t h\u00e0ng, bao g\u1ed3m k\u00edch th\u01b0\u1edbc ho\u1eb7c ch\u1ea5t li\u1ec7u t\u00f9y ch\u1ec9nh, ph\u1ea3i \u0111\u01b0\u1ee3c th\u1ef1c hi\u1ec7n qua email li\u00ean h\u1ec7 tr\u1ef1c ti\u1ebfp t\u1ea1i <a href=\"mailto:flora.do.arts@gmail.com\"><strong><mark style=\"background-color:rgba(0, 0, 0, 0)\" class=\"has-inline-color has-vivid-purple-color\">flora.do.arts@gmail.com<\/mark><\/strong><\/a>.<br>5.2 Th\u1eddi gian ho\u00e0n th\u00e0nh \u0111\u01a1n \u0111\u1eb7t h\u00e0ng theo y\u00eau c\u1ea7u th\u01b0\u1eddng l\u00e0 <strong>8 tu\u1ea7n<\/strong>, k\u1ec3 c\u1ea3 th\u1eddi gian ch\u1edd kh\u00f4. Ph\u00ed b\u1ed5 sung c\u00f3 th\u1ec3 \u0111\u01b0\u1ee3c \u00e1p d\u1ee5ng t\u00f9y thu\u1ed9c v\u00e0o k\u00edch th\u01b0\u1edbc v\u00e0 tr\u1ecdng l\u01b0\u1ee3ng c\u1ee7a t\u00e1c ph\u1ea9m.<br>5.3 Thanh to\u00e1n \u0111\u1ea7y \u0111\u1ee7 l\u00e0 b\u1eaft bu\u1ed9c tr\u01b0\u1edbc khi b\u1eaft \u0111\u1ea7u th\u1ef1c hi\u1ec7n \u0111\u01a1n \u0111\u1eb7t h\u00e0ng theo y\u00eau c\u1ea7u.<br>5.4 N\u1ebfu t\u00e1c gi\u1ea3 kh\u00f4ng th\u1ec3 ho\u00e0n th\u00e0nh t\u00e1c ph\u1ea9m theo th\u1eddi h\u1ea1n \u0111\u00e3 th\u1ecfa thu\u1eadn, to\u00e0n b\u1ed9 s\u1ed1 ti\u1ec1n s\u1ebd \u0111\u01b0\u1ee3c ho\u00e0n l\u1ea1i.<br>5.5 \u0110\u01a1n \u0111\u1eb7t h\u00e0ng theo y\u00eau c\u1ea7u kh\u00f4ng bao g\u1ed3m c\u00e1c y\u00eau c\u1ea7u cho tranh \u0111\u1ed9ng v\u1eadt, ho\u1eb7c ch\u00e2n dung.<\/p>\n\n\n\n<h3 class=\"wp-block-heading\"><strong>6. T\u00ecnh tr\u1ea1ng t\u00e1c ph\u1ea9m<\/strong><\/h3>\n\n\n\n<p>6.1 T\u1ea5t c\u1ea3 c\u00e1c t\u00e1c ph\u1ea9m \u0111\u1ec1u <strong>ph\u1ee7 l\u1edbp b\u1ea3o v\u1ec7 v\u00e0 v\u1eadn chuy\u1ec3n kh\u00f4ng \u0111\u00f3ng khung<\/strong>, kh\u00f4ng k\u00e8m thi\u1ebft b\u1ecb treo. Ch\u00fang t\u00f4i \u0111\u1ec3 ng\u01b0\u1eddi mua quy\u1ebft \u0111\u1ecbnh vi\u1ec7c \u0111\u00f3ng khung sau khi nh\u1eadn \u0111\u01b0\u1ee3c t\u00e1c ph\u1ea9m.<\/p>\n\n\n\n<h3 class=\"wp-block-heading\"><strong>7. H\u00e0nh vi ng\u01b0\u1eddi s\u1eed d\u1ee5ng<\/strong><\/h3>\n\n\n\n<p>7.1 Khi s\u1eed d\u1ee5ng trang web n\u00e0y, b\u1ea1n \u0111\u1ed3ng \u00fd kh\u00f4ng:<\/p>\n\n\n\n<ul class=\"wp-block-list\">\n<li>Vi ph\u1ea1m b\u1ea5t k\u1ef3 lu\u1eadt l\u1ec7 n\u00e0o ho\u1eb7c x\u00e2m ph\u1ea1m quy\u1ec1n l\u1ee3i c\u1ee7a ng\u01b0\u1eddi kh\u00e1c.<\/li>\n\n\n\n<li>\u0110\u0103ng t\u1ea3i n\u1ed9i dung c\u00f3 h\u1ea1i, x\u00fac ph\u1ea1m, ho\u1eb7c kh\u00f4ng ph\u00f9 h\u1ee3p.<\/li>\n\n\n\n<li>G\u00e2y r\u1ed1i trang web ho\u1eb7c m\u00e1y ch\u1ee7.<\/li>\n<\/ul>\n\n\n\n<p>7.2 Flora Do Fine Arts c\u00f3 quy\u1ec1n ch\u1ea5m d\u1ee9t quy\u1ec1n truy c\u1eadp c\u1ee7a b\u1ea5t k\u1ef3 ng\u01b0\u1eddi d\u00f9ng n\u00e0o vi ph\u1ea1m c\u00e1c quy \u0111\u1ecbnh n\u00e0y.<\/p>\n\n\n\n<h3 class=\"wp-block-heading\"><strong>8. Mi\u1ec5n tr\u1eeb tr\u00e1ch nhi\u1ec7m<\/strong><\/h3>\n\n\n\n<p>8.1 Trang web n\u00e0y \u0111\u01b0\u1ee3c cung c\u1ea5p \"nh\u01b0 hi\u1ec7n tr\u1ea1ng s\u1eb5n c\u00f3\". Flora Do Fine Arts kh\u00f4ng \u0111\u01b0a ra b\u1ea5t k\u1ef3 tuy\u00ean b\u1ed1 hay \u0111\u1ea3m b\u1ea3o n\u00e0o v\u1ec1 ho\u1ea1t \u0111\u1ed9ng ch\u00ednh x\u00e1c ho\u1eb7c hi\u1ec3n th\u1ecb c\u1ee7a trang web.<\/p>\n\n\n\n<h3 class=\"wp-block-heading\"><strong>9. Gi\u1edbi h\u1ea1n tr\u00e1ch nhi\u1ec7m<\/strong><\/h3>\n\n\n\n<p>9.1 Ch\u00fang t\u00f4i kh\u00f4ng ch\u1ecbu tr\u00e1ch nhi\u1ec7m cho b\u1ea5t k\u1ef3 thi\u1ec7t h\u1ea1i tr\u1ef1c ti\u1ebfp ho\u1eb7c gi\u00e1n ti\u1ebfp n\u00e0o ph\u00e1t sinh t\u1eeb vi\u1ec7c b\u1ea1n s\u1eed d\u1ee5ng trang web n\u00e0y ho\u1eb7c mua s\u1ea3n ph\u1ea9m c\u1ee7a ch\u00fang t\u00f4i. Vi\u1ec7c s\u1eed d\u1ee5ng trang web n\u00e0y l\u00e0 tr\u00e1ch nhi\u1ec7m c\u1ee7a b\u1ea1n.<br>9.2 Ch\u00fang t\u00f4i n\u1ed7 l\u1ef1c cung c\u1ea5p th\u00f4ng tin ch\u00ednh x\u00e1c nh\u1ea5t c\u00f3 th\u1ec3, nh\u01b0ng kh\u00f4ng th\u1ec3 \u0111\u1ea3m b\u1ea3o t\u00ednh ho\u00e0n ch\u1ec9nh ho\u1eb7c ch\u00ednh x\u00e1c tuy\u1ec7t \u0111\u1ed1i c\u1ee7a n\u1ed9i dung cung c\u1ea5p.<\/p>\n\n\n\n<h3 class=\"wp-block-heading\"><strong>10. Quy\u1ec1n s\u1edf h\u1eefu tr\u00ed tu\u1ec7<\/strong><\/h3>\n\n\n\n<p>10.1 Thi\u1ebft k\u1ebf, logo v\u00e0 giao di\u1ec7n t\u1ed5ng th\u1ec3 c\u1ee7a trang web n\u00e0y \u0111\u01b0\u1ee3c b\u1ea3o v\u1ec7 b\u1edfi lu\u1eadt b\u1ea3n quy\u1ec1n. B\u1ea1n kh\u00f4ng \u0111\u01b0\u1ee3c s\u1eed d\u1ee5ng nh\u00e3n hi\u1ec7u ho\u1eb7c t\u00e0i li\u1ec7u c\u1ee7a ch\u00fang t\u00f4i m\u00e0 kh\u00f4ng c\u00f3 s\u1ef1 \u0111\u1ed3ng \u00fd tr\u01b0\u1edbc.<\/p>\n\n\n\n<h3 class=\"wp-block-heading\"><strong>11. S\u1eeda \u0111\u1ed5i<\/strong><\/h3>\n\n\n\n<p>11.1 Flora Do Fine Arts c\u00f3 quy\u1ec1n thay \u0111\u1ed5i ho\u1eb7c thay th\u1ebf c\u00e1c \u0110i\u1ec1u Kho\u1ea3n &amp; \u0110i\u1ec1u Ki\u1ec7n n\u00e0y b\u1ea5t c\u1ee9 l\u00fac n\u00e0o. Vi\u1ec7c ti\u1ebfp t\u1ee5c s\u1eed d\u1ee5ng trang web sau khi c\u00f3 thay \u0111\u1ed5i \u0111\u01b0\u1ee3c xem l\u00e0 b\u1ea1n \u0111\u1ed3ng \u00fd v\u1edbi c\u00e1c thay \u0111\u1ed5i \u0111\u00f3.<\/p>\n\n\n\n<h3 class=\"wp-block-heading\"><strong>13. Lu\u1eadt \u00e1p d\u1ee5ng<\/strong><\/h3>\n\n\n\n<p>12.1 C\u00e1c \u0110i\u1ec1u kho\u1ea3n &amp; \u0110i\u1ec1u ki\u1ec7n n\u00e0y \u0111\u01b0\u1ee3c \u0111i\u1ec1u ch\u1ec9nh b\u1edfi <strong>ph\u00e1p lu\u1eadt Vi\u1ec7t Nam<\/strong>. M\u1ecdi tranh ch\u1ea5p ph\u00e1t sinh t\u1eeb c\u00e1c \u0111i\u1ec1u kho\u1ea3n n\u00e0y s\u1ebd thu\u1ed9c th\u1ea9m quy\u1ec1n c\u1ee7a <strong>to\u00e0 \u00e1n Th\u00e0nh ph\u1ed1 H\u1ed3 Ch\u00ed Minh.<\/strong>.<\/p>\n\n\n\n<p><strong>Li\u00ean h\u1ec7 v\u1edbi ch\u00fang t\u00f4i<\/strong><br>N\u1ebfu b\u1ea1n c\u00f3 b\u1ea5t k\u1ef3 c\u00e2u h\u1ecfi n\u00e0o v\u1ec1 c\u00e1c \u0110i\u1ec1u Kho\u1ea3n &amp; \u0110i\u1ec1u Ki\u1ec7n n\u00e0y, vui l\u00f2ng li\u00ean h\u1ec7 v\u1edbi ch\u00fang t\u00f4i t\u1ea1i <a href=\"mailto:flora.do.arts@gmail.com\"><strong><mark style=\"background-color:rgba(0, 0, 0, 0)\" class=\"has-inline-color has-vivid-purple-color\">flora.do.arts@gmail.com<\/mark><\/strong><\/a>.<\/p>\n\n\n\n<p><\/p>","protected":false},"excerpt":{"rendered":"<p>Welcome to Flora Do Fine Arts! By accessing or using our website, and by making a purchase from our online store, you agree to be bound by the following Terms &amp; Conditions. Please read these carefully before placing an order. 1. Ownership of Content 1.1 All content, including images, text, and artwork on this website, is the exclusive property of [&hellip;]<\/p>\n","protected":false},"author":2,"featured_media":0,"parent":0,"menu_order":0,"comment_status":"closed","ping_status":"closed","template":"","meta":{"jetpack_post_was_ever_published":false,"footnotes":""},"class_list":["post-1451","page","type-page","status-publish","hentry"],"jetpack_sharing_enabled":true,"_links":{"self":[{"href":"https:\/\/florafinearts.com\/vi\/wp-json\/wp\/v2\/pages\/1451","targetHints":{"allow":["GET"]}}],"collection":[{"href":"https:\/\/florafinearts.com\/vi\/wp-json\/wp\/v2\/pages"}],"about":[{"href":"https:\/\/florafinearts.com\/vi\/wp-json\/wp\/v2\/types\/page"}],"author":[{"embeddable":true,"href":"https:\/\/florafinearts.com\/vi\/wp-json\/wp\/v2\/users\/2"}],"replies":[{"embeddable":true,"href":"https:\/\/florafinearts.com\/vi\/wp-json\/wp\/v2\/comments?post=1451"}],"version-history":[{"count":5,"href":"https:\/\/florafinearts.com\/vi\/wp-json\/wp\/v2\/pages\/1451\/revisions"}],"predecessor-version":[{"id":1817,"href":"https:\/\/florafinearts.com\/vi\/wp-json\/wp\/v2\/pages\/1451\/revisions\/1817"}],"wp:attachment":[{"href":"https:\/\/florafinearts.com\/vi\/wp-json\/wp\/v2\/media?parent=1451"}],"curies":[{"name":"wp","href":"https:\/\/api.w.org\/{rel}","templated":true}]}}