{"id":129,"date":"2017-09-05T15:27:16","date_gmt":"2017-09-05T15:27:16","guid":{"rendered":"http:\/\/demo.curlythemes.com\/art-gallery-wp\/?page_id=129"},"modified":"2024-11-30T18:51:16","modified_gmt":"2024-11-30T18:51:16","slug":"poet","status":"publish","type":"page","link":"https:\/\/florafinearts.com\/vi\/about-flora\/poet\/","title":{"rendered":"Th\u01a1"},"content":{"rendered":"<div class=\"wpb-content-wrapper\"><div data-stellar-offset-parent=\"true\"  class=\"vc_row wpb_row vc_row-fluid content-padding vc_custom_1504195713546\"><div  class=\"wpb_column vc_column_container vc_col-sm-12\"><div class=\"vc_column-inner\" style=\"\" ><div class=\"wpb_wrapper\">\n\t<div class=\"wpb_text_column wpb_content_element\" >\n\t\t<div class=\"wpb_wrapper\">\n\t\t\t<h1 class=\"display-2 special-title\" style=\"text-align: center;\"><small>TH\u01a0 HOA<\/small>Tr\u00f2 chuy\u1ec7n th\u01b0\u1eddng ng\u00e0y<\/h1>\n\n\t\t<\/div>\n\t<\/div>\n<div class=\"vc_empty_space  xtd-spacer\"   style=\"height: 2rem\"><span class=\"vc_empty_space_inner\"><\/span><\/div><\/div><\/div><\/div><div  class=\"wpb_column vc_column_container vc_col-sm-4\"><div class=\"vc_column-inner\" style=\"\" ><div class=\"wpb_wrapper\">\n\t<div class=\"wpb_single_image wpb_content_element vc_align_left   xtd-offset-frame\">\n\t\t\n\t\t<figure class=\"wpb_wrapper vc_figure\">\n\t\t\t<div class=\"vc_single_image-wrapper xtd-shadow--normal-light  vc_box_border_grey\"><img loading=\"lazy\" decoding=\"async\" width=\"800\" height=\"1200\" src=\"https:\/\/florafinearts.com\/wp-content\/uploads\/2024\/09\/Untitled-design-78.png\" class=\"vc_single_image-img attachment-full\" alt=\"\" title=\"Untitled design-78\" \/><\/div>\n\t\t<\/figure>\n\t<\/div>\n<div class=\"vc_empty_space  xtd-spacer\"   style=\"height: 2rem\"><span class=\"vc_empty_space_inner\"><\/span><\/div>\n\t<div class=\"wpb_text_column wpb_content_element\" >\n\t\t<div class=\"wpb_wrapper\">\n\t\t\t<blockquote>\n<p style=\"text-align: center;\">T\u00f4i vi\u1ebft th\u01a1 kh\u00f4ng nh\u1eb1m m\u1ee5c \u0111\u00edch g\u00e2y \u1ea5n t\u01b0\u1ee3ng \u2013 ch\u00fang l\u00e0 nh\u1eefng m\u1ea3nh gh\u00e9p c\u1ee7a cu\u1ed9c s\u1ed1ng, \u0111\u01b0\u1ee3c vi\u1ebft ra v\u00ec ni\u1ec1m vui, m\u1ed9t c\u00e1ch \u0111\u1ec3 \u0111\u00e1p l\u1ea1i l\u1eddi th\u00ec th\u1ea7m c\u1ee7a hi\u1ec7n h\u1eefu.<\/p>\n<\/blockquote>\n\n\t\t<\/div>\n\t<\/div>\n<\/div><\/div><\/div><div  class=\"wpb_column vc_column_container vc_col-sm-8 vc_col-lg-offset-1 vc_col-lg-7\"><div class=\"vc_column-inner\" style=\"\" ><div class=\"wpb_wrapper\">\n\t<div class=\"wpb_text_column wpb_content_element vc_custom_1732992850783\" >\n\t\t<div class=\"wpb_wrapper\">\n\t\t\t<p>Th\u01a1 l\u00e0 m\u1ed9t kh\u00eda c\u1ea1nh nh\u1eb9 nh\u00e0ng h\u01a1n trong h\u00e0nh tr\u00ecnh s\u00e1ng t\u1ea1o c\u1ee7a t\u00f4i. V\u1edbi t\u00f4i, th\u01a1 \u0111\u01a1n gi\u1ea3n l\u00e0 m\u1ed9t cu\u1ed9c tr\u00f2 chuy\u1ec7n \u0111\u00f4i khi c\u00f3 l\u1eddi v\u00e0 \u0111\u00f4i khi kh\u00f4ng l\u1eddi. N\u1ebfu nh\u01b0 h\u1ed9i ho\u1ea1 c\u1ea7n m\u1ed9t s\u1ef1 r\u00e8n luy\u1ec7n b\u1ec1n b\u1ec9, th\u00ec th\u01a1 \u0111\u1ebfn v\u1edbi t\u00f4i t\u1eeb th\u01a1 b\u00e9. T\u00f4i \u201cn\u00f3i th\u01a1\u201d khi c\u00f2n l\u00e0 m\u1ed9t \u0111\u1ee9a tr\u1ebb, nh\u01b0ng th\u1eadt s\u1ef1 s\u00e1ng t\u00e1c khi b\u01b0\u1edbc v\u00e0o tu\u1ed5i 15. Khi c\u00f2n tr\u1ebb, t\u00f4i \u0111\u00e3 xu\u1ea5t b\u1ea3n th\u01a1 tr\u00ean c\u00e1c t\u1ea1p ch\u00ed v\u0103n ho\u00e1 ngh\u1ec7 thu\u1eadt v\u00e0 sinh vi\u00ean, h\u1ecdc tr\u00f2. Nh\u01b0ng theo th\u1eddi gian, c\u00f3 \u0111i\u1ec1u g\u00ec \u0111\u00f3 \u0111\u00e3 thay \u0111\u1ed5i. T\u00f4i ng\u1eebng xem th\u01a1 ca l\u00e0 m\u1ed9t chuy\u1ec7n nghi\u00eam t\u00fac v\u00e0 b\u1eaft \u0111\u1ea7u coi n\u00f3 nh\u01b0 m\u1ed9t th\u00f3i quen h\u00e0ng ng\u00e0y, m\u1ed9t c\u00e1ch \u0111\u1ec3 ph\u1ea3n \u1ee9ng v\u1edbi cu\u1ed9c s\u1ed1ng. B\u00e2y gi\u1edd, vi\u1ec7c vi\u1ebft th\u01a1 ch\u1ec9 l\u00e0 m\u1ed9t ho\u1ea1t \u0111\u1ed9ng t\u1ef1 nhi\u00ean, nh\u01b0 th\u1ec3 m\u1ecfi ng\u01b0\u1eddi th\u00ec x\u1ecf gi\u00e0y ch\u1ea1y b\u1ed9 - t\u00f4i l\u00e0m v\u00ec ni\u1ec1m vui, kh\u00f4ng \u00e1p l\u1ef1c hay c\u1ea7n s\u1ef1 ho\u00e0n h\u1ea3o.<\/p>\n<p>Ch\u00ednh v\u00ec \u0111i\u1ec1u \u0111\u00f3, t\u1eeb l\u00e2u t\u00f4i \u0111\u00e3 kh\u00f4ng c\u00f2n l\u01b0u tr\u1eef th\u01a1 c\u1ee7a m\u00ecnh. T\u00f4i th\u01b0\u1eddng vi\u1ebft khi n\u1eb1m d\u00e0i tr\u00ean sofa ng\u1eafm nh\u00ecn b\u1ea7u tr\u1eddi v\u00e0 d\u00f2ng s\u00f4ng ph\u00eda xa, r\u1ea3nh qu\u00e1 v\u00e0 kh\u00f4ng c\u00f3 vi\u1ec7c g\u00ec l\u00e0m. Hay l\u00e0 khi m\u1ed9t nh\u00e2n vi\u00ean c\u1ee7a t\u00f4i v\u1eeba th\u1ea5t t\u00ecnh. C\u0169ng c\u00f3 th\u1ec3 l\u00e0 m\u1ed9t ng\u01b0\u1eddi b\u1ea1n \u0111\u1ea1i h\u1ecdc v\u1eeba ly h\u00f4n. C\u0169ng c\u00f3 th\u1ec3 l\u00e0 khi con m\u00e8o y\u00eau c\u1ee7a t\u00f4i ng\u00e3 l\u1ea7u ch\u1ebft. Ho\u1eb7c khi t\u00f4i \u0111ang v\u1ebd trong v\u01b0\u1eddn. B\u1ea5t k\u1ef3 l\u00e0 khi n\u00e0o, kh\u00f4ng c\u1ea7n c\u1ed1 g\u1eafng, ch\u1ec9 c\u1ea7n t\u00f4i t\u1ef1 b\u1ea3o ho\u1eb7c c\u00f3 ai \u0111\u00f3 b\u1ea3o: <em>l\u00e0m th\u01a1 \u0111i!<\/em> \u0110\u01a1n gi\u1ea3n v\u1eady th\u00f4i. Th\u00e0nh ra, ph\u1ea7n l\u1edbn th\u1eddi gian l\u00e0 m\u1ecdi ng\u01b0\u1eddi xung quanh s\u1ebd nh\u1edb ho\u1eb7c l\u01b0u gi\u1eef th\u01a1 c\u1ee7a t\u00f4i t\u1ed1t h\u01a1n t\u00f4i.<\/p>\n<p>V\u00e0i th\u00e1ng tr\u01b0\u1edbc, t\u00f4i th\u1ea5y tr\u00ean m\u1ea1ng m\u1ed9t b\u00e0i th\u01a1 t\u00f4i \u0111\u00e3 vi\u1ebft t\u1eeb l\u00e2u l\u1eafm, gi\u1ed1ng nh\u01b0 l\u00e0 g\u1eb7p l\u1ea1i ng\u01b0\u1eddi quen c\u0169 v\u1eady. T\u1eeb h\u00f4m \u0111\u00f3, t\u00f4i th\u1ea5y \u00fd t\u01b0\u1edfng v\u1ec1 vi\u1ec7c t\u1eadp h\u1ee3p ch\u00fang l\u1ea1i c\u0169ng kh\u00f4ng ph\u1ea3i l\u00e0 m\u1ed9t \u00fd t\u1ed3i. L\u1ea7n \u0111\u1ea7u ti\u00ean, t\u00f4i \u0111\u00e3 n\u1ed7 l\u1ef1c \u0111\u1ec3 l\u01b0u ch\u00fang l\u1ea1i \u0111\u00e2y, gh\u00e9p n\u1ed1i nh\u1eefng m\u1ea3nh v\u1ee5n c\u1ee7a qu\u00e1 kh\u1ee9 m\u00e0 t\u00f4i ch\u01b0a t\u1eebng c\u00f3 \u00fd \u0111\u1ecbnh gi\u1eef l\u1ea1i. \u0110i\u1ec1u n\u00e0y kh\u00f4ng d\u1ec5 d\u00e0ng, nh\u01b0ng gi\u1edd \u0111\u00e2y, t\u00f4i c\u1ea3m th\u1ea5y \u0111\u00fang khi chia s\u1ebb nh\u1eefng b\u00e0i th\u01a1 n\u00e0y \u1edf m\u1ed9t n\u01a1i duy nh\u1ea5t.<\/p>\n\n\t\t<\/div>\n\t<\/div>\n<div class=\"vc_row wpb_row vc_inner vc_row-fluid vc_column-gap-35\"><div class=\"wpb_column vc_column_container vc_col-sm-6\"><div class=\"vc_column-inner\"><div class=\"wpb_wrapper\">\n\t<div class=\"wpb_text_column wpb_content_element vc_custom_1732992507785\" >\n\t\t<div class=\"wpb_wrapper\">\n\t\t\t<p>Vi\u1ebft th\u01a1 v\u1edbi t\u00f4i gi\u1ed1ng nh\u01b0 v\u1ebd tranh - \u0111\u00f3 l\u00e0 vi\u1ec7c n\u1eafm b\u1eaft m\u1ed9t c\u1ea3m x\u00fac \u1edf d\u1ea1ng tinh khi\u1ebft nh\u1ea5t. T\u00f4i kh\u00f4ng ch\u1edd \u0111\u1ee3i c\u1ea3m h\u1ee9ng; t\u00f4i vi\u1ebft b\u1ea5t c\u1ee9 khi n\u00e0o, v\u00e0 \u0111\u1ec3 cho t\u1eeb ng\u1eef \u0111\u1ebfn m\u1ed9t c\u00e1ch t\u1ef1 nhi\u00ean. Th\u01a1 c\u1ee7a t\u00f4i \u0111\u01a1n gi\u1ea3n, gi\u1ed1ng nh\u01b0 nh\u1eefng kho\u1ea3nh kh\u1eafc \u0111\u00e3 truy\u1ec1n c\u1ea3m h\u1ee9ng cho n\u00f3.<\/p>\n\n\t\t<\/div>\n\t<\/div>\n<\/div><\/div><\/div><div class=\"wpb_column vc_column_container vc_col-sm-6\"><div class=\"vc_column-inner\"><div class=\"wpb_wrapper\"><div class='xtd-carousel-mini__container'><div class='xtd-carousel-mini'><div class='owl-carousel' data-autoplay='true' data-timeout='2000' data-hover='false' data-loop='false' data-dots='true'>\n\t<div class=\"wpb_single_image wpb_content_element vc_align_left\">\n\t\t\n\t\t<figure class=\"wpb_wrapper vc_figure\">\n\t\t\t<div class=\"vc_single_image-wrapper   vc_box_border_grey\"><img loading=\"lazy\" decoding=\"async\" width=\"500\" height=\"500\" src=\"https:\/\/florafinearts.com\/wp-content\/uploads\/2024\/09\/6-2.png\" class=\"vc_single_image-img attachment-full\" alt=\"\" title=\"6\" \/><\/div>\n\t\t<\/figure>\n\t<\/div>\n\n\t<div class=\"wpb_single_image wpb_content_element vc_align_left\">\n\t\t\n\t\t<figure class=\"wpb_wrapper vc_figure\">\n\t\t\t<div class=\"vc_single_image-wrapper   vc_box_border_grey\"><img loading=\"lazy\" decoding=\"async\" width=\"500\" height=\"500\" src=\"https:\/\/florafinearts.com\/wp-content\/uploads\/2024\/09\/2-3.png\" class=\"vc_single_image-img attachment-full\" alt=\"\" title=\"2\" \/><\/div>\n\t\t<\/figure>\n\t<\/div>\n\n\t<div class=\"wpb_single_image wpb_content_element vc_align_left\">\n\t\t\n\t\t<figure class=\"wpb_wrapper vc_figure\">\n\t\t\t<div class=\"vc_single_image-wrapper   vc_box_border_grey\"><img loading=\"lazy\" decoding=\"async\" width=\"500\" height=\"500\" src=\"https:\/\/florafinearts.com\/wp-content\/uploads\/2024\/09\/4-2.png\" class=\"vc_single_image-img attachment-full\" alt=\"\" title=\"4\" \/><\/div>\n\t\t<\/figure>\n\t<\/div>\n<\/div><\/div><\/div><\/div><\/div><\/div><\/div><\/div><\/div><\/div><\/div><div data-stellar-offset-parent=\"true\"  class=\"vc_row wpb_row vc_row-fluid content-padding-lg vc_custom_1504536626860 vc_column-gap-35 vc_row-o-content-middle vc_row-flex\"><div  class=\"wpb_column vc_column_container vc_col-sm-4 vc_col-lg-3\"><div class=\"vc_column-inner\" style=\"\" ><div class=\"wpb_wrapper\">\n\t<div class=\"wpb_text_column wpb_content_element\" >\n\t\t<div class=\"wpb_wrapper\">\n\t\t\t<p><span style=\"font-size: 1rem;\">B\u1edfi v\u00ec th\u01a1 gi\u1ed1ng nh\u01b0 cu\u1ed9c tr\u00f2 chuy\u1ec7n h\u00e0ng ng\u00e0y, \u0111\u00f4i khi b\u1ea1n s\u1ebd bu\u1ed3n c\u01b0\u1eddi v\u00ec \u0111ang d\u1ea1t d\u00e0o c\u1ea3m x\u00fac, t\u00f4i s\u1ebd b\u1ea5t ng\u1edd t\u1ebfu t\u00e1o. C\u0169ng c\u00f3 \u0111\u00f4i khi th\u01a1 bu\u1ed3n nh\u01b0 kh\u00f3c. T\u00f4i c\u0169ng c\u00f3 th\u1ec3 \u0111\u01b0a b\u1ea5t c\u1ee9 ph\u1ea1m tr\u00f9 hay v\u1eadt th\u1ec3 n\u00e0o v\u00e0o th\u01a1. C\u00f3 th\u1ec3 l\u00e0 ngang - d\u1ecdc, ng\u1eafn - d\u00e0i, ng\u00e0y - \u0111\u00eam, tr\u00ean - d\u01b0\u1edbi hay l\u00e0 m\u1ed9t b\u1ea3ng m\u00e0u t\u00f4i \u0111ang v\u1ebd. V\u1edbi t\u00f4i, th\u01a1 ca l\u00e0 m\u1ed9t ph\u1ea7n t\u1ef1 nhi\u00ean c\u1ee7a cu\u1ed9c s\u1ed1ng.<\/span><\/p>\n<p><span style=\"font-size: 1rem;\">HOA<\/span><\/p>\n\n\t\t<\/div>\n\t<\/div>\n<div class=\"vc_btn3-container vc_btn3-inline vc_do_btn\" ><a class=\"vc_general vc_btn3 vc_btn3-size-md vc_btn3-shape-rounded vc_btn3-style-btn-primary vc_btn3-color-purple\" href=\"https:\/\/florafinearts.com\/vi\/category\/poetry\/\" title=\"\">B\u1ea1n c\u00f3 mu\u1ed1n \u0111\u1ecdc th\u00eam th\u01a1 c\u1ee7a t\u00f4i kh\u00f4ng?<\/a><\/div><\/div><\/div><\/div><div  class=\"wpb_column vc_column_container vc_col-sm-8 vc_col-lg-offset-1\"><div class=\"vc_column-inner\" style=\"\" ><div class=\"wpb_wrapper\">\n\t<div class=\"wpb_single_image wpb_content_element vc_align_center\">\n\t\t\n\t\t<figure class=\"wpb_wrapper vc_figure\">\n\t\t\t<div class=\"vc_single_image-wrapper xtd-shadow--normal-normal  vc_box_border_grey\"><img loading=\"lazy\" decoding=\"async\" width=\"1024\" height=\"683\" src=\"https:\/\/florafinearts.com\/wp-content\/uploads\/2024\/09\/Doa-hoa-chang-bao-gio-tin-doi-la-van-ngay-sau-Nguoi-ta-chi-song-mot-lan-tri-quen-dang-gia-hon-tri-nho-Ngay-hom-qua-co-la-bao-giong-thi-som-mai-kia-hoa-van-no-Chim-van-hot-vang-may-van-trang-tre-3.png\" class=\"vc_single_image-img attachment-full\" alt=\"\" title=\"\u201c\u0110o\u00e1 hoa ch\u1eb3ng bao gi\u1edd tin \u0111\u1eddi l\u00e0 v\u1ea1n ng\u00e0y s\u1ea7u Ng\u01b0\u1eddi ta ch\u1ec9 s\u1ed1ng m\u1ed9t l\u1ea7n, tr\u00ed qu\u00ean \u0111\u00e1ng gi\u00e1 h\u01a1n tr\u00ed nh\u1edb Ng\u00e0y h\u00f4m qua c\u00f3 l\u00e0 b\u00e3o gi\u00f4ng th\u00ec s\u1edbm mai kia hoa v\u1eabn n\u1edf Chim v\u1eabn h\u00f3t vang, m\u00e2y v\u1eabn tr\u1eafng tr\u00ea-3\" \/><\/div>\n\t\t<\/figure>\n\t<\/div>\n<\/div><\/div><\/div><\/div>\n<\/div>","protected":false},"excerpt":{"rendered":"FLORA's POETRYA Casual Talk These verses aren\u2019t meant to impress - they're fragments of life, written for the joy of it, a way to respond to the quiet hum of existence. Poetry is a lighter part of my creative journey. For me, poetry is simply a conversation - sometimes with words, sometimes without. While painting requires persistent practice, poetry has [...]","protected":false},"author":1,"featured_media":0,"parent":80,"menu_order":0,"comment_status":"closed","ping_status":"closed","template":"","meta":{"jetpack_post_was_ever_published":false,"footnotes":""},"class_list":["post-129","page","type-page","status-publish","hentry"],"jetpack_sharing_enabled":true,"_links":{"self":[{"href":"https:\/\/florafinearts.com\/vi\/wp-json\/wp\/v2\/pages\/129","targetHints":{"allow":["GET"]}}],"collection":[{"href":"https:\/\/florafinearts.com\/vi\/wp-json\/wp\/v2\/pages"}],"about":[{"href":"https:\/\/florafinearts.com\/vi\/wp-json\/wp\/v2\/types\/page"}],"author":[{"embeddable":true,"href":"https:\/\/florafinearts.com\/vi\/wp-json\/wp\/v2\/users\/1"}],"replies":[{"embeddable":true,"href":"https:\/\/florafinearts.com\/vi\/wp-json\/wp\/v2\/comments?post=129"}],"version-history":[{"count":23,"href":"https:\/\/florafinearts.com\/vi\/wp-json\/wp\/v2\/pages\/129\/revisions"}],"predecessor-version":[{"id":1810,"href":"https:\/\/florafinearts.com\/vi\/wp-json\/wp\/v2\/pages\/129\/revisions\/1810"}],"up":[{"embeddable":true,"href":"https:\/\/florafinearts.com\/vi\/wp-json\/wp\/v2\/pages\/80"}],"wp:attachment":[{"href":"https:\/\/florafinearts.com\/vi\/wp-json\/wp\/v2\/media?parent=129"}],"curies":[{"name":"wp","href":"https:\/\/api.w.org\/{rel}","templated":true}]}}