{"id":126,"date":"2017-09-05T15:26:20","date_gmt":"2017-09-05T15:26:20","guid":{"rendered":"http:\/\/demo.curlythemes.com\/art-gallery-wp\/?page_id=126"},"modified":"2025-03-31T02:53:37","modified_gmt":"2025-03-31T02:53:37","slug":"artiststatement","status":"publish","type":"page","link":"https:\/\/florafinearts.com\/vi\/about-flora\/artiststatement\/","title":{"rendered":"Quan \u0111i\u1ec3m s\u00e1ng t\u00e1c"},"content":{"rendered":"<div class=\"wpb-content-wrapper\"><div data-stellar-offset-parent=\"true\"  class=\"vc_row wpb_row vc_row-fluid content-padding vc_custom_1504195713546\"><div  class=\"wpb_column vc_column_container vc_col-sm-12\"><div class=\"vc_column-inner\" style=\"\" ><div class=\"wpb_wrapper\">\n\t<div class=\"wpb_text_column wpb_content_element\" >\n\t\t<div class=\"wpb_wrapper\">\n\t\t\t<h1 class=\"display-2 special-title\" style=\"text-align: center;\"><small><br \/>\n<\/small>Quan \u0111i\u1ec3m s\u00e1ng t\u00e1c<\/h1>\n\n\t\t<\/div>\n\t<\/div>\n<div class=\"vc_empty_space  xtd-spacer\"   style=\"height: 2rem\"><span class=\"vc_empty_space_inner\"><\/span><\/div><\/div><\/div><\/div><div  class=\"wpb_column vc_column_container vc_col-sm-4\"><div class=\"vc_column-inner\" style=\"\" ><div class=\"wpb_wrapper\">\n\t<div class=\"wpb_single_image wpb_content_element vc_align_left   xtd-offset-frame\">\n\t\t\n\t\t<figure class=\"wpb_wrapper vc_figure\">\n\t\t\t<div class=\"vc_single_image-wrapper   vc_box_border_grey\"><img loading=\"lazy\" decoding=\"async\" width=\"1536\" height=\"2049\" src=\"https:\/\/florafinearts.com\/wp-content\/uploads\/2017\/09\/IMG_3758.jpg\" class=\"vc_single_image-img attachment-full\" alt=\"\" title=\"IMG_3758\" \/><\/div>\n\t\t<\/figure>\n\t<\/div>\n<div class=\"vc_empty_space  xtd-spacer\"   style=\"height: 2rem\"><span class=\"vc_empty_space_inner\"><\/span><\/div>\n\t<div class=\"wpb_text_column wpb_content_element\" >\n\t\t<div class=\"wpb_wrapper\">\n\t\t\t<blockquote><p>\n<em>\u201cM\u1ed9t nh\u00e0 s\u01b0u t\u1eadp t\u1eebng h\u1ecfi t\u00f4i \u0111i\u1ec1u g\u00ec \u0111\u00e3 truy\u1ec1n c\u1ea3m h\u1ee9ng cho t\u00f4i tr\u1edf th\u00e0nh ngh\u1ec7 s\u0129. T\u00f4i ch\u1ec9 \u0111\u01a1n gi\u1ea3n tr\u1ea3 l\u1eddi: T\u00f4i kh\u00f4ng c\u1ea7n c\u1ea3m h\u1ee9ng \u0111\u1ec3 tr\u1edf th\u00e0nh ngh\u1ec7 s\u0129; ch\u00ednh h\u00e0nh \u0111\u1ed9ng v\u1ebd \u0111\u00e3 \u0111\u1ee7 truy\u1ec1n c\u1ea3m h\u1ee9ng r\u1ed3i.\u201d<\/em>\n<\/p><\/blockquote>\n\n\t\t<\/div>\n\t<\/div>\n<\/div><\/div><\/div><div  class=\"wpb_column vc_column_container vc_col-sm-8 vc_col-lg-offset-1 vc_col-lg-7\"><div class=\"vc_column-inner\" style=\"\" ><div class=\"wpb_wrapper\">\n\t<div class=\"wpb_text_column wpb_content_element\" >\n\t\t<div class=\"wpb_wrapper\">\n\t\t\t<p>T\u00f4i y\u00eau nh\u1eefng gam m\u00e0u pastel nh\u1eb9 nh\u00e0ng t\u01b0\u01a1i s\u00e1ng v\u00e0 nh\u1eefng c\u00e2u th\u01a1 th\u1ea3n nhi\u00ean. Ngh\u1ec7 thu\u1eadt \u0111\u1ed1i v\u1edbi t\u00f4i l\u00e0 m\u1ed9t \u0111i\u1ec1u t\u1ef1 nhi\u00ean nh\u01b0 h\u01a1i th\u1edf. D\u00f9 v\u1ebd tranh, vi\u1ebft th\u01a1 hay s\u00e1ng t\u00e1c truy\u1ec7n, t\u00f4i ch\u01b0a khi n\u00e0o c\u1ea3m th\u1ea5y \u00e1p l\u1ef1c. T\u00f4i nh\u1eadn ra r\u1eb1ng c\u00f3 m\u1ed9t c\u00e1ch \u0111\u1ec3 l\u00e0m ngh\u1ec7 thu\u1eadt, \u0111\u1ec3 s\u00e1ng t\u1ea1o, m\u00e0 kh\u00f4ng c\u1ea7n ph\u1ea3i g\u1ed3ng m\u00ecnh, kh\u00f4ng ph\u1ea3i qu\u1eb1n qu\u1ea1i, v\u1eadt v\u00e3. M\u1eb7c d\u00f9 c\u00f4ng vi\u1ec7c s\u00e1ng t\u00e1c \u0111\u00f2i h\u1ecfi nhi\u1ec1u c\u00f4ng s\u1ee9c, tr\u1ea3i nghi\u1ec7m v\u00e0 s\u1ef1 hi\u1ec3u bi\u1ebft, nh\u01b0ng \u0111\u00f3 ch\u00ednh l\u00e0 ni\u1ec1m vui c\u1ee7a ng\u01b0\u1eddi l\u00e0m vi\u1ec7c, l\u00e0 c\u00e1i v\u1ea5t v\u1ea3 nh\u01b0ng l\u1ea5p l\u00e1nh h\u00e2n hoan. Ni\u1ec1m vui \u0111\u00f3 s\u1ebd xu\u1ea5t hi\u1ec7n khi ch\u00fang ta ti\u1ebfp c\u1eadn ngh\u1ec7 thu\u1eadt m\u1ed9t c\u00e1ch h\u1ed3n nhi\u00ean, ch\u00e2n th\u00e0nh v\u00e0 thu\u1ea7n khi\u1ebft, th\u00ec cho d\u00f9 c\u00f3 bao nhi\u00eau m\u1ed3 h\u00f4i \u0111\u00e3 \u0111\u1ed5, ch\u00fang ta c\u0169ng s\u1ebd ch\u1ec9 th\u1ea5y\u2026 m\u1ec7t ph\u1edd, nh\u01b0ng \u0111\u00f3 ch\u1eafc ch\u1eafn kh\u00f4ng ph\u1ea3i l\u00e0 s\u1ef1 c\u0103ng th\u1eb3ng, stress hay l\u00e0 b\u1ea5t c\u1ee9 v\u1ea5n \u0111\u1ec1 t\u00e2m l\u00fd n\u00e0o kh\u00e1c.<\/p>\n<p>Ng\u01b0\u1eddi ta hay n\u00f3i r\u1eb1ng ngh\u1ec7 s\u0129 ph\u1ea3i \u0111au \u0111\u1eddi, ph\u1ea3i ng\u1ea5m v\u1ebft \u0111au c\u1ee7a nh\u00e2n lo\u1ea1i m\u1edbi l\u00e0m \u0111\u01b0\u1ee3c nh\u1eefng t\u00e1c ph\u1ea9m v\u0129 \u0111\u1ea1i. \u0110i\u1ec1u \u0111\u00f3 kh\u00f4ng sai, nh\u01b0ng vi\u1ec7c ng\u1ea5m v\u1ebft \u0111au v\u00e0 vi\u1ec7c tr\u1edf th\u00e0nh n\u1ed7i \u0111au l\u00e0 hai vi\u1ec7c kh\u00e1c nhau, th\u1eadm ch\u00ed ho\u00e0n to\u00e0n \u0111\u1ed1i l\u1eadp. M\u1ed7i m\u1ed9t ngh\u1ec7 s\u0129 s\u1ebd ch\u1ecdn cho m\u00ecnh m\u1ed9t c\u00e1ch th\u1ec3 hi\u1ec7n, m\u1ed9t ng\u00f4n ng\u1eef ri\u00eang \u0111\u1ec3 di\u1ec5n \u0111\u1ea1t c\u00e1i \u201cn\u1ed7i \u0111au\u201d \u0111\u00f3. V\u1edbi t\u00f4i, \u0111i\u1ec1u cu\u1ed1i c\u00f9ng tr\u00ean cu\u1ed9c \u0111\u1eddi n\u00e0y, sau khi ch\u00fang ta tr\u1ea3i qua m\u1ecdi \u0111i\u1ec1u, m\u1ecdi bi\u1ebfn c\u1ed1, m\u1ecdi g\u1eb7t h\u00e1i v\u00e0 sau c\u00f9ng l\u00e0 bu\u00f4ng b\u1ecf, \u0111\u00f3 ch\u00ednh l\u00e0 c\u1ea3m nh\u1eadn tr\u1ecdn v\u1eb9n s\u1ef1 hi\u1ec7n h\u1eefu c\u1ee7a m\u00ecnh, t\u00ecm th\u1ea5y s\u1ef1 b\u00ecnh an v\u00e0 an l\u1ea1c s\u00e2u s\u1eafc trong t\u1eebng kho\u1ea3nh kh\u1eafc. \u0110\u00f3 ch\u00ednh l\u00e0 nh\u1eefng g\u00ec t\u00f4i mu\u1ed1n g\u1eedi g\u1eafm trong c\u00e1c t\u00e1c ph\u1ea9m c\u1ee7a m\u00ecnh, cho d\u00f9 \u0111\u00f3 l\u00e0 tranh, th\u01a1 hay b\u1ea5t k\u1ef3 c\u00e2u ch\u1eef n\u00e0o.<\/p>\n<p>M\u1eddi b\u1ea1n b\u01b0\u1edbc v\u00e0o th\u1ebf gi\u1edbi c\u1ee7a t\u00f4i, n\u01a1i t\u00f4i \u0111\u1ec3 cho cu\u1ed9c s\u1ed1ng hi\u1ec7n h\u1eefu trong ph\u00fat gi\u00e2y r\u1ef1c r\u1ee1 nh\u1ea5t c\u1ee7a n\u00f3. T\u00f4i tin r\u1eb1ng t\u1ea5t c\u1ea3 ch\u00fang ta, s\u1ed1ng tr\u00ean \u0111\u1eddi \u0111\u1ec1u nh\u01b0 nh\u1eefng b\u00f4ng hoa. T\u1ea5t c\u1ea3 ch\u00fang ta \u0111\u1ec1u c\u00f3 ti\u1ec1m n\u0103ng bung n\u1edf m\u1ea1nh m\u1ebd, \u0111\u1ea1t \u0111\u1ebfn tr\u1ea1ng th\u00e1i th\u0103ng hoa t\u1ed9t \u0111\u1ec9nh nh\u1ea5t c\u1ee7a m\u00ecnh, cho d\u00f9 b\u1ea1n c\u00f3 c\u1ea7m c\u1ecd v\u1ebd nh\u01b0 t\u00f4i hay kh\u00f4ng. Ch\u00fang ta sinh ra \u0111\u1ec1u l\u00e0 nh\u1eefng ngh\u1ec7 s\u0129. T\u00f4i th\u1ec3 hi\u1ec7n \u0111i\u1ec1u \u0111\u00f3 qua n\u00e9t v\u1ebd c\u1ee7a m\u00ecnh, c\u00f2n b\u1ea1n, c\u00f3 th\u1ec3 b\u1ea1n kh\u00f4ng v\u1ebd, nh\u01b0ng ch\u00ednh trong kho\u1ea3nh kh\u1eafc chi\u00eam ng\u01b0\u1ee1ng m\u1ed9t b\u1ee9c tranh v\u00e0 rung \u0111\u1ed9ng b\u1edfi n\u00f3, b\u1ea1n \u0111\u00e3 b\u1ed9c l\u1ed9 con ng\u01b0\u1eddi ngh\u1ec7 s\u0129 b\u00ean trong b\u1ea1n r\u1ed3i.<\/p>\n<p>Trong <a href=\"https:\/\/florafinearts.com\/vi\/mua-xuan\/\">m\u1ed9t b\u00e0i th\u01a1 vi\u1ebft v\u1ec1 m\u00f9a xu\u00e2n<\/a>, t\u00f4i c\u00f3 hai c\u00e2u th\u01a1:<br \/>\n<em>\u201cB\u00f4ng hoa n\u1edf kh\u00f4ng ph\u1ea3i v\u00ec c\u00f3 ng\u01b0\u1eddi ch\u1edd \u0111\u1ee3i.<br \/>\nHoa n\u1edf v\u00ec hoa l\u00e0 m\u1ed9t \u0111o\u00e1 hoa.\u201d<\/em><\/p>\n<p>Ch\u00fang ta, nh\u1eefng b\u00f4ng hoa, c\u0169ng s\u1ebd ch\u1ecdn c\u00e1ch s\u1ed1ng nh\u01b0 v\u1eady, s\u1ed1ng \u0111\u1ec3 to\u1ea3 h\u01b0\u01a1ng r\u1ef1c r\u1ee1 nh\u1ea5t, cho d\u00f9 \u0111\u00f3 l\u00e0 m\u1ed9t b\u00f4ng hoa trong r\u1eebng s\u00e2u hay tr\u00ean v\u00e1ch \u0111\u00e1 cheo leo, kh\u00f4ng ng\u01b0\u1eddi qua l\u1ea1i. T\u00f4i bi\u1ebft cu\u1ed9c s\u1ed1ng hi\u1ec7n gi\u1edd, \u201cbu\u00f4ng b\u1ecf\u201d l\u00e0 m\u1ed9t t\u1eeb th\u1eddi th\u01b0\u1ee3ng, ng\u01b0\u1eddi ta n\u00f3i \u0111\u1ebfn n\u00f3 nhi\u1ec1u nh\u01b0ng \u00edt ng\u01b0\u1eddi ch\u1ea1m t\u1edbi, nh\u01b0ng b\u1ea1n h\u00e3y ngh\u0129 v\u1ec1 c\u00e1ch b\u00f4ng hoa \u00e2m th\u1ea7m n\u1edf n\u01a1i hoang v\u1eafng, cho d\u00f9 n\u1eafng hay m\u01b0a, cho d\u00f9 s\u1ecfi \u0111\u00e1, cho d\u00f9 c\u00f3 ai gh\u00e9 qua hay kh\u00f4ng, c\u0169ng kh\u00f4ng l\u00e0m n\u00f3 th\u00f4i kh\u00f4ng n\u1edf, kh\u00f4ng th\u1eafm t\u01b0\u01a1i. Ch\u00fang ta \u0111\u1eebng \u0111\u1ec3 nh\u1eefng n\u1eafng m\u01b0a cu\u1ed9c \u0111\u1eddi, hay nh\u1eefng s\u1ef1 qu\u00ean l\u00e3ng xa l\u00e1nh, l\u00e0m ch\u00fang ta qu\u00ean \u0111i v\u1ebb \u0111\u1eb9p c\u1ee7a ch\u00ednh m\u00ecnh, l\u00e0m ch\u00fang ta qu\u00ean m\u1ea5t c\u00e1ch s\u1ed1ng nh\u01b0 nh\u1eefng \u0111o\u00e1 hoa.<\/p>\n<p>Ngh\u1ec7 thu\u1eadt c\u1ee7a t\u00f4i cu\u1ed1i c\u00f9ng ch\u1ec9 truy\u1ec1n \u0111i m\u1ed9t th\u00f4ng \u0111i\u1ec7p \u0111\u01a1n gi\u1ea3n \u0111\u00f3. T\u00f4i mong b\u1ea1n s\u1ebd c\u1ea3m nh\u1eadn \u0111\u01b0\u1ee3c n\u00f3 v\u00e0 t\u1eadn h\u01b0\u1edfng \u0111i\u1ec1u n\u00e0y c\u00f9ng v\u1edbi t\u00f4i.<\/p>\n<p>C\u1ea3m \u01a1n b\u1ea1n \u0111\u00e3 gh\u00e9 th\u0103m trang web n\u00e0y, hy v\u1ecdng ch\u00fang ta s\u1ebd k\u1ebft n\u1ed1i v\u00e0 tr\u1edf th\u00e0nh nh\u1eefng b\u00f4ng hoa n\u1edf r\u1ef1c r\u1ee1 b\u00ean nhau.<\/p>\n<p>Hoa<\/p>\n\n\t\t<\/div>\n\t<\/div>\n<\/div><\/div><\/div><\/div><div data-stellar-offset-parent=\"true\"  class=\"vc_row wpb_row vc_row-fluid content-padding vc_column-gap-35 vc_row-o-content-middle vc_row-flex\"><div  class=\"wpb_column vc_column_container vc_col-sm-8\"><div class=\"vc_column-inner\" style=\"\" ><div class=\"wpb_wrapper\">\n\t<div class=\"wpb_single_image wpb_content_element vc_align_left\">\n\t\t\n\t\t<figure class=\"wpb_wrapper vc_figure\">\n\t\t\t<div class=\"vc_single_image-wrapper   vc_box_border_grey\"><img loading=\"lazy\" decoding=\"async\" width=\"1024\" height=\"683\" src=\"https:\/\/florafinearts.com\/wp-content\/uploads\/2024\/09\/Doa-hoa-chang-bao-gio-tin-doi-la-van-ngay-sau-Nguoi-ta-chi-song-mot-lan-tri-quen-dang-gia-hon-tri-nho-Ngay-hom-qua-co-la-bao-giong-thi-som-mai-kia-hoa-van-no-Chim-van-hot-vang-may-van-trang-tre-4.png\" class=\"vc_single_image-img attachment-full\" alt=\"\" title=\"\u201c\u0110o\u00e1 hoa ch\u1eb3ng bao gi\u1edd tin \u0111\u1eddi l\u00e0 v\u1ea1n ng\u00e0y s\u1ea7u Ng\u01b0\u1eddi ta ch\u1ec9 s\u1ed1ng m\u1ed9t l\u1ea7n, tr\u00ed qu\u00ean \u0111\u00e1ng gi\u00e1 h\u01a1n tr\u00ed nh\u1edb Ng\u00e0y h\u00f4m qua c\u00f3 l\u00e0 b\u00e3o gi\u00f4ng th\u00ec s\u1edbm mai kia hoa v\u1eabn n\u1edf Chim v\u1eabn h\u00f3t vang, m\u00e2y v\u1eabn tr\u1eafng tr\u00ea-4\" \/><\/div>\n\t\t<\/figure>\n\t<\/div>\n<\/div><\/div><\/div><div  class=\"wpb_column vc_column_container vc_col-sm-4 vc_col-lg-offset-1 vc_col-lg-3\"><div class=\"vc_column-inner\" style=\"\" ><div class=\"wpb_wrapper\">\n\t<div class=\"wpb_text_column wpb_content_element\" >\n\t\t<div class=\"wpb_wrapper\">\n\t\t\t\n\t\t<\/div>\n\t<\/div>\n<\/div><\/div><\/div><\/div><div data-stellar-offset-parent=\"true\"  class=\"vc_row wpb_row vc_row-fluid content-padding-lg vc_custom_1504536626860 vc_column-gap-35 vc_row-o-content-middle vc_row-flex\"><div  class=\"wpb_column vc_column_container vc_col-sm-4 vc_col-lg-3\"><div class=\"vc_column-inner\" style=\"\" ><div class=\"wpb_wrapper\">\n\t<div class=\"wpb_text_column wpb_content_element\" >\n\t\t<div class=\"wpb_wrapper\">\n\t\t\t<blockquote><p>\n\u201cNgh\u1ec7 thu\u1eadt l\u00e0 ng\u00f4n ng\u1eef t\u0129nh l\u1eb7ng c\u1ee7a t\u00e2m h\u1ed3n \u2013 m\u1ed7i n\u00e9t c\u1ecd l\u00e0 m\u1ed9t l\u1eddi th\u00ec th\u1ea7m, m\u1ed7i gam m\u00e0u l\u00e0 m\u1ed9t c\u1ea3m x\u00fac, n\u1eafm b\u1eaft v\u1ebb \u0111\u1eb9p c\u1ee7a cu\u1ed9c s\u1ed1ng m\u00e0 l\u1eddi n\u00f3i th\u01b0\u1eddng b\u1ecf l\u1ee1.\u201d \u2013 Hoa\n<\/p><\/blockquote>\n\n\t\t<\/div>\n\t<\/div>\n<\/div><\/div><\/div><div  class=\"wpb_column vc_column_container vc_col-sm-8 vc_col-lg-offset-1\"><div class=\"vc_column-inner\" style=\"\" ><div class=\"wpb_wrapper\">\n\t<div class=\"wpb_single_image wpb_content_element vc_align_center\">\n\t\t\n\t\t<figure class=\"wpb_wrapper vc_figure\">\n\t\t\t<div class=\"vc_single_image-wrapper xtd-shadow--normal-normal  vc_box_border_grey\"><img loading=\"lazy\" decoding=\"async\" width=\"2560\" height=\"1920\" src=\"https:\/\/florafinearts.com\/wp-content\/uploads\/2024\/09\/IMG_4115-scaled.jpg\" class=\"vc_single_image-img attachment-full\" alt=\"\" title=\"IMG_4115\" \/><\/div>\n\t\t<\/figure>\n\t<\/div>\n\n\t<div class=\"wpb_text_column wpb_content_element\" >\n\t\t<div class=\"wpb_wrapper\">\n\t\t\t<p>Th\u0103m m\u1ed9t b\u1ea3o t\u00e0ng \u1edf Liverpool - V\u01b0\u01a1ng qu\u1ed1c Anh<\/p>\n\n\t\t<\/div>\n\t<\/div>\n<\/div><\/div><\/div><\/div>\n<\/div>","protected":false},"excerpt":{"rendered":"Artist Statement \"A collector once asked me what inspired me to become an artist. I simply replied: I don\u2019t need inspiration to be an artist; the act of painting itself is already so inspiring.\" - Flora Do I love soft, pastel colors and light-hearted poetry. To me, art is as natural as breathing. Whether I am painting, writing poems, or [...]","protected":false},"author":1,"featured_media":0,"parent":80,"menu_order":0,"comment_status":"closed","ping_status":"closed","template":"","meta":{"jetpack_post_was_ever_published":false,"footnotes":""},"class_list":["post-126","page","type-page","status-publish","hentry"],"jetpack_sharing_enabled":true,"_links":{"self":[{"href":"https:\/\/florafinearts.com\/vi\/wp-json\/wp\/v2\/pages\/126","targetHints":{"allow":["GET"]}}],"collection":[{"href":"https:\/\/florafinearts.com\/vi\/wp-json\/wp\/v2\/pages"}],"about":[{"href":"https:\/\/florafinearts.com\/vi\/wp-json\/wp\/v2\/types\/page"}],"author":[{"embeddable":true,"href":"https:\/\/florafinearts.com\/vi\/wp-json\/wp\/v2\/users\/1"}],"replies":[{"embeddable":true,"href":"https:\/\/florafinearts.com\/vi\/wp-json\/wp\/v2\/comments?post=126"}],"version-history":[{"count":58,"href":"https:\/\/florafinearts.com\/vi\/wp-json\/wp\/v2\/pages\/126\/revisions"}],"predecessor-version":[{"id":2261,"href":"https:\/\/florafinearts.com\/vi\/wp-json\/wp\/v2\/pages\/126\/revisions\/2261"}],"up":[{"embeddable":true,"href":"https:\/\/florafinearts.com\/vi\/wp-json\/wp\/v2\/pages\/80"}],"wp:attachment":[{"href":"https:\/\/florafinearts.com\/vi\/wp-json\/wp\/v2\/media?parent=126"}],"curies":[{"name":"wp","href":"https:\/\/api.w.org\/{rel}","templated":true}]}}